{"id":7009,"date":"2022-09-10T20:53:16","date_gmt":"2022-09-10T20:53:16","guid":{"rendered":"https:\/\/see-marketing.de\/kunde-prio\/?page_id=7009"},"modified":"2022-09-11T00:04:13","modified_gmt":"2022-09-11T00:04:13","slug":"vorlage","status":"publish","type":"page","link":"https:\/\/see-marketing.de\/kunde-prio\/vorlage\/","title":{"rendered":"vorlage"},"content":{"rendered":"<p>[et_pb_section fb_built=&#8220;1&#8243; _builder_version=&#8220;4.16&#8243; _module_preset=&#8220;default&#8220; background_color=&#8220;rgba(243,238,223,0.3)&#8220; global_colors_info=&#8220;{}&#8220;][et_pb_row column_structure=&#8220;2_5,3_5&#8243; _builder_version=&#8220;4.16&#8243; _module_preset=&#8220;default&#8220; min_height=&#8220;907.7px&#8220; custom_padding=&#8220;||0px|||&#8220; global_colors_info=&#8220;{}&#8220;][et_pb_column type=&#8220;2_5&#8243; _builder_version=&#8220;4.16&#8243; _module_preset=&#8220;default&#8220; global_colors_info=&#8220;{}&#8220;][et_pb_image src=&#8220;http:\/\/see-marketing.de\/kunde-prio\/wp-content\/uploads\/onlinekurs-schreiben-und-buch-veroeffentlichen.jpg&#8220; alt=&#8220;Onlinekurs Schreiben und Buch ver\u00f6ffentlichen mit Marianne Kaindl&#8220; title_text=&#8220;Onlinekurs Schreiben und Buch ver\u00f6ffentlichen mit Marianne Kaindl&#8220; _builder_version=&#8220;4.18.0&#8243; _module_preset=&#8220;default&#8220; border_width_all=&#8220;1px&#8220; border_color_all=&#8220;#978E71&#8243; box_shadow_style=&#8220;preset3&#8243; global_colors_info=&#8220;{}&#8220;][\/et_pb_image][\/et_pb_column][et_pb_column type=&#8220;3_5&#8243; _builder_version=&#8220;4.16&#8243; _module_preset=&#8220;default&#8220; global_colors_info=&#8220;{}&#8220;][et_pb_text admin_label=&#8220;Title&#8220; _builder_version=&#8220;4.18.0&#8243; text_font=&#8220;||||||||&#8220; text_text_color=&#8220;#52576d&#8220; header_font=&#8220;Sriracha|||on|||||&#8220; header_text_align=&#8220;left&#8220; header_font_size=&#8220;42px&#8220; header_2_font=&#8220;Montserrat|700||on|||||&#8220; header_2_font_size=&#8220;42px&#8220; header_2_line_height=&#8220;1.3em&#8220; header_4_font=&#8220;Montserrat|||on|||||&#8220; header_4_text_color=&#8220;#978E71&#8243; header_4_line_height=&#8220;1.5em&#8220; header_5_font=&#8220;Sriracha||||||||&#8220; header_5_text_color=&#8220;#CE1E2A&#8220; header_5_font_size=&#8220;18px&#8220; header_5_line_height=&#8220;1.4em&#8220; background_color=&#8220;#f7f7f7&#8243; background_size=&#8220;initial&#8220; background_position=&#8220;top_left&#8220; background_repeat=&#8220;repeat&#8220; custom_margin=&#8220;|||&#8220; custom_padding=&#8220;7.6%|10%|5%|10%|false|false&#8220; animation_direction=&#8220;bottom&#8220; header_font_size_tablet=&#8220;&#8220; header_font_size_phone=&#8220;24px&#8220; header_font_size_last_edited=&#8220;on|phone&#8220; box_shadow_style=&#8220;preset1&#8243; box_shadow_vertical=&#8220;15px&#8220; box_shadow_blur=&#8220;45px&#8220; box_shadow_color=&#8220;rgba(0,0,0,0.15)&#8220; locked=&#8220;off&#8220; global_colors_info=&#8220;{}&#8220;]<\/p>\n<h4><strong>Herzlich willkommen zum Online-Kurs &#8222;<\/strong>Ich hab&#8216; so vieles zu erz\u00e4hlen &#8211; und ich mach&#8216; daraus ein Buch&#8220;!<strong><br \/><\/strong><\/h4>\n<p>Dein Online-Kurs findet ab dem 20. Oktober 2022 an 5 Abenden, jeweils donnerstags von 19:30 bis 21:00 Uhr statt. Ich schicke Dir eine Mail mit Deiner Anmelde-Best\u00e4tigung, der Rechnung mit Konto- bzw. Paypalkontoangaben und Widerrufsinfos. Sobald der Betrag bei mir eingegangen ist, ist Dein Platz gesichert.<\/p>\n<p>Du hast noch eine Frage oder Anmerkung und m\u00f6chtest mich schon vorher kontaktieren? Sehr gerne! Du erreichst mich unter <a href=\"mailto:kaindl@see-marketing.de\">kaindl@see-marketing.de<\/a>.<\/p>\n<p>Und als kleine Zusatzfreude bekommst Du eine Woche vor dem Kurs schon einen Impuls zum Schreiben, der Dir Spa\u00df machen wird!<\/p>\n<p>Liebe Gr\u00fc\u00dfe vom Bodensee,<br \/>Marianne.<\/p>\n<p>&nbsp;<\/p>\n<p><a href=\"http:\/\/see-marketing.de\/kunde-prio\/wp-content\/uploads\/mk_see-marketing_150mmbreit_rgb.png\"><img loading=\"lazy\" decoding=\"async\" class=\"wp-image-52824 size-full\" src=\"http:\/\/see-marketing.de\/kunde-prio\/wp-content\/uploads\/mk_see-marketing_150mmbreit_rgb.png\" alt=\"Logo Marianne Kaindl, See-Marketing\" width=\"1772\" height=\"605\" \/><\/a><\/p>\n<p>[\/et_pb_text][\/et_pb_column][\/et_pb_row][\/et_pb_section][et_pb_section fb_built=&#8220;1&#8243; custom_padding_last_edited=&#8220;on|tablet&#8220; admin_label=&#8220;Hero&#8220; _builder_version=&#8220;4.18.0&#8243; use_background_color_gradient=&#8220;on&#8220; background_color_gradient_direction=&#8220;90deg&#8220; background_color_gradient_stops=&#8220;rgba(0,0,0,0) 65%|rgba(0,0,0,0) 65%&#8220; background_color_gradient_start=&#8220;rgba(0,0,0,0)&#8220; background_color_gradient_start_position=&#8220;65%&#8220; background_color_gradient_end=&#8220;rgba(0,0,0,0)&#8220; background_color_gradient_end_position=&#8220;0%&#8220; background_image=&#8220;http:\/\/see-marketing.de\/kunde-prio\/wp-content\/uploads\/AdobeStock_145152658_elena-schweitzer.jpg&#8220; background_size=&#8220;initial&#8220; background_position=&#8220;top_left&#8220; background_repeat=&#8220;repeat&#8220; custom_margin=&#8220;|||&#8220; custom_padding=&#8220;6vw|0px|0px|0px|false|false&#8220; custom_padding_tablet=&#8220;0vw|||&#8220; custom_padding_phone=&#8220;&#8220; locked=&#8220;off&#8220; global_colors_info=&#8220;{}&#8220;][et_pb_row column_structure=&#8220;1_2,1_2&#8243; admin_label=&#8220;About Us Area&#8220; _builder_version=&#8220;4.16&#8243; background_size=&#8220;initial&#8220; background_position=&#8220;top_left&#8220; background_repeat=&#8220;repeat&#8220; custom_margin=&#8220;|auto|-33px|auto||&#8220; custom_padding=&#8220;27px|0px|0px|0px||&#8220; global_colors_info=&#8220;{}&#8220;][et_pb_column type=&#8220;1_2&#8243; _builder_version=&#8220;4.16&#8243; custom_padding=&#8220;|||&#8220; global_colors_info=&#8220;{}&#8220; custom_padding__hover=&#8220;|||&#8220;][et_pb_cta button_url=&#8220;https:\/\/see-marketing.de\/kreativitaet\/&#8220; button_text=&#8220;Mehr Infos und Anmeldung&#8220; _builder_version=&#8220;4.18.0&#8243; _module_preset=&#8220;default&#8220; header_font=&#8220;Montserrat|||on|||||&#8220; header_text_align=&#8220;left&#8220; header_text_color=&#8220;#52576D&#8220; header_font_size=&#8220;18px&#8220; header_line_height=&#8220;1.7em&#8220; body_text_color=&#8220;#52576d&#8220; background_color=&#8220;#ffffff&#8220; custom_button=&#8220;on&#8220; button_text_size=&#8220;16px&#8220; button_text_color=&#8220;#978E71&#8243; button_bg_color=&#8220;RGBA(0,0,0,0)&#8220; button_border_color=&#8220;#978E71&#8243; button_border_radius=&#8220;15px&#8220; button_font=&#8220;Montserrat|||on|||||&#8220; button_use_icon=&#8220;off&#8220; button_alignment=&#8220;center&#8220; box_shadow_style=&#8220;preset1&#8243; global_colors_info=&#8220;{}&#8220;]<\/p>\n<h4 style=\"text-align: left;\"><span style=\"color: #333333;\"><strong>Wenn Du Dich vorab in Schwung bringen m\u00f6chtest und Deiner Kreativit\u00e4t einen frischen Schub geben willst:<br \/><\/strong><\/span><\/h4>\n<p><span style=\"color: #333333;\"><strong><\/strong><\/span><\/p>\n<h2 style=\"text-align: left;\"><span style=\"color: #ff0000;\"><strong>Melde Dich zum Sonderpreis an f\u00fcr den Online-Workshop &#8222;Kreativit\u00e4t&#8220; direkt eine Woche vor unserem ersten Termin.<br \/><\/strong><\/span><\/h2>\n<p>&nbsp;<\/p>\n<p style=\"text-align: left;\">Als Teilnehmerin des Online-Kurses &#8222;Ich hab&#8216; so vieles zu erz\u00e4hlen&#8220; bekommst Du ihn hier und jetzt auf dieser Seite (und nur hier!) zum halben Preis.<\/p>\n<p style=\"text-align: left;\">Er kostet normalerweise 89 Euro + USt.<br \/>Du bekommst ihn f\u00fcr 44,50 Euro + USt.<br \/>Bei deutscher Umsatzsteuer sind das lediglich 52,95 Euro.<\/p>\n<p style=\"text-align: left;\"><strong>Zeit:<\/strong> 13. Oktober, 19:00 \u2013 22:00 Uhr<\/p>\n<p style=\"text-align: left;\"><strong>Ort:<\/strong> Internet, per Zoom.<\/p>\n<p style=\"text-align: left;\"><strong>Infos und Anmeldung:<\/strong> <a href=\"https:\/\/see-marketing.de\/kreativitaet\/\">Klicke hier<\/a>. Schreib bitte bei der Anmeldung ins Feld &#8222;Ihre Nachricht&#8220;, dass Du Dich f\u00fcr &#8222;Ich hab&#8216; so vieles zu erz\u00e4hlen&#8220; angemeldet hast. Dann wei\u00df ich Bescheid, und Du bekommst f\u00fcr den Kreativit\u00e4ts-Workshop den halben (regul\u00e4ren) Preis.<\/p>\n<p style=\"text-align: left;\">[\/et_pb_cta][\/et_pb_column][et_pb_column type=&#8220;1_2&#8243; _builder_version=&#8220;4.16&#8243; custom_padding=&#8220;|||&#8220; global_colors_info=&#8220;{}&#8220; custom_padding__hover=&#8220;|||&#8220;][\/et_pb_column][\/et_pb_row][\/et_pb_section]<\/p>\n","protected":false},"excerpt":{"rendered":"<p>Herzlich willkommen zum Online-Kurs &#8222;Ich hab&#8216; so vieles zu erz\u00e4hlen &#8211; und ich mach&#8216; daraus ein Buch&#8220;! Dein Online-Kurs findet ab dem 20. Oktober 2022 an 5 Abenden, jeweils donnerstags von 19:30 bis 21:00 Uhr statt. Ich schicke Dir eine Mail mit Deiner Anmelde-Best\u00e4tigung, der Rechnung mit Konto- bzw. Paypalkontoangaben und Widerrufsinfos. Sobald der Betrag [&hellip;]<\/p>\n","protected":false},"author":8,"featured_media":0,"parent":0,"menu_order":0,"comment_status":"closed","ping_status":"closed","template":"","meta":{"_et_pb_use_builder":"on","_et_pb_old_content":"","_et_gb_content_width":"","footnotes":""},"class_list":["post-7009","page","type-page","status-publish","hentry"],"yoast_head":"<!-- This site is optimized with the Yoast SEO plugin v27.1.1 - https:\/\/yoast.com\/product\/yoast-seo-wordpress\/ -->\n<title>vorlage | See-Marketing - Autoren-Coaching, Website-Erstellung, Portr\u00e4t-und Business-Fotografie, Workshops<\/title>\n<meta name=\"robots\" content=\"index, follow, max-snippet:-1, max-image-preview:large, max-video-preview:-1\" \/>\n<link rel=\"canonical\" href=\"http:\/\/see-marketing.de\/kunde-prio\/vorlage\/\" \/>\n<meta property=\"og:locale\" content=\"de_DE\" \/>\n<meta property=\"og:type\" content=\"article\" \/>\n<meta property=\"og:title\" content=\"vorlage | See-Marketing - Autoren-Coaching, Website-Erstellung, Portr\u00e4t-und Business-Fotografie, Workshops\" \/>\n<meta property=\"og:description\" content=\"Herzlich willkommen zum Online-Kurs &quot;Ich hab&#039; so vieles zu erz\u00e4hlen - und ich mach&#039; daraus ein Buch&quot;! Dein Online-Kurs findet ab dem 20. Oktober 2022 an 5 Abenden, jeweils donnerstags von 19:30 bis 21:00 Uhr statt. Ich schicke Dir eine Mail mit Deiner Anmelde-Best\u00e4tigung, der Rechnung mit Konto- bzw. Paypalkontoangaben und Widerrufsinfos. Sobald der Betrag [&hellip;]\" \/>\n<meta property=\"og:url\" content=\"http:\/\/see-marketing.de\/kunde-prio\/vorlage\/\" \/>\n<meta property=\"og:site_name\" content=\"See-Marketing - Autoren-Coaching, Website-Erstellung, Portr\u00e4t-und Business-Fotografie, Workshops\" \/>\n<meta property=\"article:publisher\" content=\"https:\/\/www.facebook.com\/marianne.kaindl\" \/>\n<meta property=\"article:modified_time\" content=\"2022-09-11T00:04:13+00:00\" \/>\n<meta property=\"og:image\" content=\"http:\/\/see-marketing.de\/kunde-prio\/wp-content\/uploads\/mk_see-marketing_150mmbreit_rgb.png\" \/>\n<meta name=\"twitter:card\" content=\"summary_large_image\" \/>\n<meta name=\"twitter:label1\" content=\"Gesch\u00e4tzte Lesezeit\" \/>\n\t<meta name=\"twitter:data1\" content=\"4\u00a0Minuten\" \/>\n<script type=\"application\/ld+json\" class=\"yoast-schema-graph\">{\"@context\":\"https:\/\/schema.org\",\"@graph\":[{\"@type\":\"WebPage\",\"@id\":\"http:\/\/see-marketing.de\/kunde-prio\/vorlage\/\",\"url\":\"http:\/\/see-marketing.de\/kunde-prio\/vorlage\/\",\"name\":\"vorlage | See-Marketing - Autoren-Coaching, Website-Erstellung, Portr\u00e4t-und Business-Fotografie, Workshops\",\"isPartOf\":{\"@id\":\"https:\/\/see-marketing.de\/kunde-prio\/#website\"},\"primaryImageOfPage\":{\"@id\":\"http:\/\/see-marketing.de\/kunde-prio\/vorlage\/#primaryimage\"},\"image\":{\"@id\":\"http:\/\/see-marketing.de\/kunde-prio\/vorlage\/#primaryimage\"},\"thumbnailUrl\":\"http:\/\/see-marketing.de\/kunde-prio\/wp-content\/uploads\/mk_see-marketing_150mmbreit_rgb.png\",\"datePublished\":\"2022-09-10T20:53:16+00:00\",\"dateModified\":\"2022-09-11T00:04:13+00:00\",\"breadcrumb\":{\"@id\":\"http:\/\/see-marketing.de\/kunde-prio\/vorlage\/#breadcrumb\"},\"inLanguage\":\"de\",\"potentialAction\":[{\"@type\":\"ReadAction\",\"target\":[\"http:\/\/see-marketing.de\/kunde-prio\/vorlage\/\"]}]},{\"@type\":\"ImageObject\",\"inLanguage\":\"de\",\"@id\":\"http:\/\/see-marketing.de\/kunde-prio\/vorlage\/#primaryimage\",\"url\":\"http:\/\/see-marketing.de\/kunde-prio\/wp-content\/uploads\/mk_see-marketing_150mmbreit_rgb.png\",\"contentUrl\":\"http:\/\/see-marketing.de\/kunde-prio\/wp-content\/uploads\/mk_see-marketing_150mmbreit_rgb.png\"},{\"@type\":\"BreadcrumbList\",\"@id\":\"http:\/\/see-marketing.de\/kunde-prio\/vorlage\/#breadcrumb\",\"itemListElement\":[{\"@type\":\"ListItem\",\"position\":1,\"name\":\"Startseite\",\"item\":\"https:\/\/see-marketing.de\/kunde-prio\/\"},{\"@type\":\"ListItem\",\"position\":2,\"name\":\"vorlage\"}]},{\"@type\":\"WebSite\",\"@id\":\"https:\/\/see-marketing.de\/kunde-prio\/#website\",\"url\":\"https:\/\/see-marketing.de\/kunde-prio\/\",\"name\":\"See-Marketing - Autoren-Coaching, Website-Erstellung, Portr\u00e4t-und Business-Fotografie, Workshops\",\"description\":\"Werbeagentur f\u00fcr Autorinnen und Autoren, Handwerk, Tourismus und Soloselbstst\u00e4ndige\",\"publisher\":{\"@id\":\"https:\/\/see-marketing.de\/kunde-prio\/#organization\"},\"potentialAction\":[{\"@type\":\"SearchAction\",\"target\":{\"@type\":\"EntryPoint\",\"urlTemplate\":\"https:\/\/see-marketing.de\/kunde-prio\/?s={search_term_string}\"},\"query-input\":{\"@type\":\"PropertyValueSpecification\",\"valueRequired\":true,\"valueName\":\"search_term_string\"}}],\"inLanguage\":\"de\"},{\"@type\":\"Organization\",\"@id\":\"https:\/\/see-marketing.de\/kunde-prio\/#organization\",\"name\":\"See-Marketing\",\"url\":\"https:\/\/see-marketing.de\/kunde-prio\/\",\"logo\":{\"@type\":\"ImageObject\",\"inLanguage\":\"de\",\"@id\":\"https:\/\/see-marketing.de\/kunde-prio\/#\/schema\/logo\/image\/\",\"url\":\"http:\/\/see-marketing.de\/kunde-prio\/wp-content\/uploads\/mk_seemarketing.png\",\"contentUrl\":\"http:\/\/see-marketing.de\/kunde-prio\/wp-content\/uploads\/mk_seemarketing.png\",\"width\":400,\"height\":100,\"caption\":\"See-Marketing\"},\"image\":{\"@id\":\"https:\/\/see-marketing.de\/kunde-prio\/#\/schema\/logo\/image\/\"},\"sameAs\":[\"https:\/\/www.facebook.com\/marianne.kaindl\"]}]}<\/script>\n<!-- \/ Yoast SEO plugin. -->","yoast_head_json":{"title":"vorlage | See-Marketing - Autoren-Coaching, Website-Erstellung, Portr\u00e4t-und Business-Fotografie, Workshops","robots":{"index":"index","follow":"follow","max-snippet":"max-snippet:-1","max-image-preview":"max-image-preview:large","max-video-preview":"max-video-preview:-1"},"canonical":"http:\/\/see-marketing.de\/kunde-prio\/vorlage\/","og_locale":"de_DE","og_type":"article","og_title":"vorlage | See-Marketing - Autoren-Coaching, Website-Erstellung, Portr\u00e4t-und Business-Fotografie, Workshops","og_description":"Herzlich willkommen zum Online-Kurs \"Ich hab' so vieles zu erz\u00e4hlen - und ich mach' daraus ein Buch\"! Dein Online-Kurs findet ab dem 20. Oktober 2022 an 5 Abenden, jeweils donnerstags von 19:30 bis 21:00 Uhr statt. Ich schicke Dir eine Mail mit Deiner Anmelde-Best\u00e4tigung, der Rechnung mit Konto- bzw. Paypalkontoangaben und Widerrufsinfos. Sobald der Betrag [&hellip;]","og_url":"http:\/\/see-marketing.de\/kunde-prio\/vorlage\/","og_site_name":"See-Marketing - Autoren-Coaching, Website-Erstellung, Portr\u00e4t-und Business-Fotografie, Workshops","article_publisher":"https:\/\/www.facebook.com\/marianne.kaindl","article_modified_time":"2022-09-11T00:04:13+00:00","og_image":[{"url":"http:\/\/see-marketing.de\/kunde-prio\/wp-content\/uploads\/mk_see-marketing_150mmbreit_rgb.png","type":"","width":"","height":""}],"twitter_card":"summary_large_image","twitter_misc":{"Gesch\u00e4tzte Lesezeit":"4\u00a0Minuten"},"schema":{"@context":"https:\/\/schema.org","@graph":[{"@type":"WebPage","@id":"http:\/\/see-marketing.de\/kunde-prio\/vorlage\/","url":"http:\/\/see-marketing.de\/kunde-prio\/vorlage\/","name":"vorlage | See-Marketing - Autoren-Coaching, Website-Erstellung, Portr\u00e4t-und Business-Fotografie, Workshops","isPartOf":{"@id":"https:\/\/see-marketing.de\/kunde-prio\/#website"},"primaryImageOfPage":{"@id":"http:\/\/see-marketing.de\/kunde-prio\/vorlage\/#primaryimage"},"image":{"@id":"http:\/\/see-marketing.de\/kunde-prio\/vorlage\/#primaryimage"},"thumbnailUrl":"http:\/\/see-marketing.de\/kunde-prio\/wp-content\/uploads\/mk_see-marketing_150mmbreit_rgb.png","datePublished":"2022-09-10T20:53:16+00:00","dateModified":"2022-09-11T00:04:13+00:00","breadcrumb":{"@id":"http:\/\/see-marketing.de\/kunde-prio\/vorlage\/#breadcrumb"},"inLanguage":"de","potentialAction":[{"@type":"ReadAction","target":["http:\/\/see-marketing.de\/kunde-prio\/vorlage\/"]}]},{"@type":"ImageObject","inLanguage":"de","@id":"http:\/\/see-marketing.de\/kunde-prio\/vorlage\/#primaryimage","url":"http:\/\/see-marketing.de\/kunde-prio\/wp-content\/uploads\/mk_see-marketing_150mmbreit_rgb.png","contentUrl":"http:\/\/see-marketing.de\/kunde-prio\/wp-content\/uploads\/mk_see-marketing_150mmbreit_rgb.png"},{"@type":"BreadcrumbList","@id":"http:\/\/see-marketing.de\/kunde-prio\/vorlage\/#breadcrumb","itemListElement":[{"@type":"ListItem","position":1,"name":"Startseite","item":"https:\/\/see-marketing.de\/kunde-prio\/"},{"@type":"ListItem","position":2,"name":"vorlage"}]},{"@type":"WebSite","@id":"https:\/\/see-marketing.de\/kunde-prio\/#website","url":"https:\/\/see-marketing.de\/kunde-prio\/","name":"See-Marketing - Autoren-Coaching, Website-Erstellung, Portr\u00e4t-und Business-Fotografie, Workshops","description":"Werbeagentur f\u00fcr Autorinnen und Autoren, Handwerk, Tourismus und Soloselbstst\u00e4ndige","publisher":{"@id":"https:\/\/see-marketing.de\/kunde-prio\/#organization"},"potentialAction":[{"@type":"SearchAction","target":{"@type":"EntryPoint","urlTemplate":"https:\/\/see-marketing.de\/kunde-prio\/?s={search_term_string}"},"query-input":{"@type":"PropertyValueSpecification","valueRequired":true,"valueName":"search_term_string"}}],"inLanguage":"de"},{"@type":"Organization","@id":"https:\/\/see-marketing.de\/kunde-prio\/#organization","name":"See-Marketing","url":"https:\/\/see-marketing.de\/kunde-prio\/","logo":{"@type":"ImageObject","inLanguage":"de","@id":"https:\/\/see-marketing.de\/kunde-prio\/#\/schema\/logo\/image\/","url":"http:\/\/see-marketing.de\/kunde-prio\/wp-content\/uploads\/mk_seemarketing.png","contentUrl":"http:\/\/see-marketing.de\/kunde-prio\/wp-content\/uploads\/mk_seemarketing.png","width":400,"height":100,"caption":"See-Marketing"},"image":{"@id":"https:\/\/see-marketing.de\/kunde-prio\/#\/schema\/logo\/image\/"},"sameAs":["https:\/\/www.facebook.com\/marianne.kaindl"]}]}},"_links":{"self":[{"href":"https:\/\/see-marketing.de\/kunde-prio\/wp-json\/wp\/v2\/pages\/7009","targetHints":{"allow":["GET"]}}],"collection":[{"href":"https:\/\/see-marketing.de\/kunde-prio\/wp-json\/wp\/v2\/pages"}],"about":[{"href":"https:\/\/see-marketing.de\/kunde-prio\/wp-json\/wp\/v2\/types\/page"}],"author":[{"embeddable":true,"href":"https:\/\/see-marketing.de\/kunde-prio\/wp-json\/wp\/v2\/users\/8"}],"replies":[{"embeddable":true,"href":"https:\/\/see-marketing.de\/kunde-prio\/wp-json\/wp\/v2\/comments?post=7009"}],"version-history":[{"count":8,"href":"https:\/\/see-marketing.de\/kunde-prio\/wp-json\/wp\/v2\/pages\/7009\/revisions"}],"predecessor-version":[{"id":7098,"href":"https:\/\/see-marketing.de\/kunde-prio\/wp-json\/wp\/v2\/pages\/7009\/revisions\/7098"}],"wp:attachment":[{"href":"https:\/\/see-marketing.de\/kunde-prio\/wp-json\/wp\/v2\/media?parent=7009"}],"curies":[{"name":"wp","href":"https:\/\/api.w.org\/{rel}","templated":true}]}}