{"id":6813,"date":"2022-08-01T18:10:44","date_gmt":"2022-08-01T18:10:44","guid":{"rendered":"https:\/\/see-marketing.de\/kunde-prio\/?page_id=6813"},"modified":"2022-08-01T18:12:34","modified_gmt":"2022-08-01T18:12:34","slug":"zeit-fuer-neues-workshop-programm-aufbluehen-und-durchstarten","status":"publish","type":"page","link":"https:\/\/see-marketing.de\/kunde-prio\/zeit-fuer-neues-workshop-programm-aufbluehen-und-durchstarten\/","title":{"rendered":"Zeit f\u00fcr Neues: Workshop-Programm &#8222;Aufbl\u00fchen und durchstarten&#8220;"},"content":{"rendered":"<p>[et_pb_section fb_built=&#8220;1&#8243; theme_builder_area=&#8220;post_content&#8220; _builder_version=&#8220;4.17.6&#8243; _module_preset=&#8220;default&#8220;][et_pb_row _builder_version=&#8220;4.17.6&#8243; _module_preset=&#8220;default&#8220; theme_builder_area=&#8220;post_content&#8220;][et_pb_column _builder_version=&#8220;4.17.6&#8243; _module_preset=&#8220;default&#8220; type=&#8220;4_4&#8243; theme_builder_area=&#8220;post_content&#8220;][et_pb_image _builder_version=&#8220;4.17.6&#8243; _module_preset=&#8220;default&#8220; theme_builder_area=&#8220;post_content&#8220;][\/et_pb_image][\/et_pb_column][\/et_pb_row][\/et_pb_section]<\/p>\n","protected":false},"excerpt":{"rendered":"","protected":false},"author":7,"featured_media":0,"parent":0,"menu_order":0,"comment_status":"closed","ping_status":"closed","template":"","meta":{"_et_pb_use_builder":"on","_et_pb_old_content":"","_et_gb_content_width":"","footnotes":""},"class_list":["post-6813","page","type-page","status-publish","hentry"],"yoast_head":"<!-- This site is optimized with the Yoast SEO plugin v27.1.1 - https:\/\/yoast.com\/product\/yoast-seo-wordpress\/ -->\n<title>Zeit f\u00fcr Neues: Workshop-Programm &quot;Aufbl\u00fchen und durchstarten&quot; | See-Marketing - Autoren-Coaching, Website-Erstellung, Portr\u00e4t-und Business-Fotografie, Workshops<\/title>\n<meta name=\"robots\" content=\"index, follow, max-snippet:-1, max-image-preview:large, max-video-preview:-1\" \/>\n<link rel=\"canonical\" href=\"http:\/\/see-marketing.de\/kunde-prio\/zeit-fuer-neues-workshop-programm-aufbluehen-und-durchstarten\/\" \/>\n<meta property=\"og:locale\" content=\"de_DE\" \/>\n<meta property=\"og:type\" content=\"article\" \/>\n<meta property=\"og:title\" content=\"Zeit f\u00fcr Neues: Workshop-Programm &quot;Aufbl\u00fchen und durchstarten&quot; | See-Marketing - Autoren-Coaching, Website-Erstellung, Portr\u00e4t-und Business-Fotografie, Workshops\" \/>\n<meta property=\"og:url\" content=\"http:\/\/see-marketing.de\/kunde-prio\/zeit-fuer-neues-workshop-programm-aufbluehen-und-durchstarten\/\" \/>\n<meta property=\"og:site_name\" content=\"See-Marketing - Autoren-Coaching, Website-Erstellung, Portr\u00e4t-und Business-Fotografie, Workshops\" \/>\n<meta property=\"article:publisher\" content=\"https:\/\/www.facebook.com\/marianne.kaindl\" \/>\n<meta property=\"article:modified_time\" content=\"2022-08-01T18:12:34+00:00\" \/>\n<meta name=\"twitter:card\" content=\"summary_large_image\" \/>\n<meta name=\"twitter:label1\" content=\"Gesch\u00e4tzte Lesezeit\" \/>\n\t<meta name=\"twitter:data1\" content=\"1\u00a0Minute\" \/>\n<script type=\"application\/ld+json\" class=\"yoast-schema-graph\">{\"@context\":\"https:\/\/schema.org\",\"@graph\":[{\"@type\":\"WebPage\",\"@id\":\"http:\/\/see-marketing.de\/kunde-prio\/zeit-fuer-neues-workshop-programm-aufbluehen-und-durchstarten\/\",\"url\":\"http:\/\/see-marketing.de\/kunde-prio\/zeit-fuer-neues-workshop-programm-aufbluehen-und-durchstarten\/\",\"name\":\"Zeit f\u00fcr Neues: Workshop-Programm \\\"Aufbl\u00fchen und durchstarten\\\" | See-Marketing - Autoren-Coaching, Website-Erstellung, Portr\u00e4t-und Business-Fotografie, Workshops\",\"isPartOf\":{\"@id\":\"https:\/\/see-marketing.de\/kunde-prio\/#website\"},\"datePublished\":\"2022-08-01T18:10:44+00:00\",\"dateModified\":\"2022-08-01T18:12:34+00:00\",\"breadcrumb\":{\"@id\":\"http:\/\/see-marketing.de\/kunde-prio\/zeit-fuer-neues-workshop-programm-aufbluehen-und-durchstarten\/#breadcrumb\"},\"inLanguage\":\"de\",\"potentialAction\":[{\"@type\":\"ReadAction\",\"target\":[\"http:\/\/see-marketing.de\/kunde-prio\/zeit-fuer-neues-workshop-programm-aufbluehen-und-durchstarten\/\"]}]},{\"@type\":\"BreadcrumbList\",\"@id\":\"http:\/\/see-marketing.de\/kunde-prio\/zeit-fuer-neues-workshop-programm-aufbluehen-und-durchstarten\/#breadcrumb\",\"itemListElement\":[{\"@type\":\"ListItem\",\"position\":1,\"name\":\"Startseite\",\"item\":\"https:\/\/see-marketing.de\/kunde-prio\/\"},{\"@type\":\"ListItem\",\"position\":2,\"name\":\"Zeit f\u00fcr Neues: Workshop-Programm &#8222;Aufbl\u00fchen und durchstarten&#8220;\"}]},{\"@type\":\"WebSite\",\"@id\":\"https:\/\/see-marketing.de\/kunde-prio\/#website\",\"url\":\"https:\/\/see-marketing.de\/kunde-prio\/\",\"name\":\"See-Marketing - Autoren-Coaching, Website-Erstellung, Portr\u00e4t-und Business-Fotografie, Workshops\",\"description\":\"Werbeagentur f\u00fcr Autorinnen und Autoren, Handwerk, Tourismus und Soloselbstst\u00e4ndige\",\"publisher\":{\"@id\":\"https:\/\/see-marketing.de\/kunde-prio\/#organization\"},\"potentialAction\":[{\"@type\":\"SearchAction\",\"target\":{\"@type\":\"EntryPoint\",\"urlTemplate\":\"https:\/\/see-marketing.de\/kunde-prio\/?s={search_term_string}\"},\"query-input\":{\"@type\":\"PropertyValueSpecification\",\"valueRequired\":true,\"valueName\":\"search_term_string\"}}],\"inLanguage\":\"de\"},{\"@type\":\"Organization\",\"@id\":\"https:\/\/see-marketing.de\/kunde-prio\/#organization\",\"name\":\"See-Marketing\",\"url\":\"https:\/\/see-marketing.de\/kunde-prio\/\",\"logo\":{\"@type\":\"ImageObject\",\"inLanguage\":\"de\",\"@id\":\"https:\/\/see-marketing.de\/kunde-prio\/#\/schema\/logo\/image\/\",\"url\":\"http:\/\/see-marketing.de\/kunde-prio\/wp-content\/uploads\/mk_seemarketing.png\",\"contentUrl\":\"http:\/\/see-marketing.de\/kunde-prio\/wp-content\/uploads\/mk_seemarketing.png\",\"width\":400,\"height\":100,\"caption\":\"See-Marketing\"},\"image\":{\"@id\":\"https:\/\/see-marketing.de\/kunde-prio\/#\/schema\/logo\/image\/\"},\"sameAs\":[\"https:\/\/www.facebook.com\/marianne.kaindl\"]}]}<\/script>\n<!-- \/ Yoast SEO plugin. -->","yoast_head_json":{"title":"Zeit f\u00fcr Neues: Workshop-Programm \"Aufbl\u00fchen und durchstarten\" | See-Marketing - Autoren-Coaching, Website-Erstellung, Portr\u00e4t-und Business-Fotografie, Workshops","robots":{"index":"index","follow":"follow","max-snippet":"max-snippet:-1","max-image-preview":"max-image-preview:large","max-video-preview":"max-video-preview:-1"},"canonical":"http:\/\/see-marketing.de\/kunde-prio\/zeit-fuer-neues-workshop-programm-aufbluehen-und-durchstarten\/","og_locale":"de_DE","og_type":"article","og_title":"Zeit f\u00fcr Neues: Workshop-Programm \"Aufbl\u00fchen und durchstarten\" | See-Marketing - Autoren-Coaching, Website-Erstellung, Portr\u00e4t-und Business-Fotografie, Workshops","og_url":"http:\/\/see-marketing.de\/kunde-prio\/zeit-fuer-neues-workshop-programm-aufbluehen-und-durchstarten\/","og_site_name":"See-Marketing - Autoren-Coaching, Website-Erstellung, Portr\u00e4t-und Business-Fotografie, Workshops","article_publisher":"https:\/\/www.facebook.com\/marianne.kaindl","article_modified_time":"2022-08-01T18:12:34+00:00","twitter_card":"summary_large_image","twitter_misc":{"Gesch\u00e4tzte Lesezeit":"1\u00a0Minute"},"schema":{"@context":"https:\/\/schema.org","@graph":[{"@type":"WebPage","@id":"http:\/\/see-marketing.de\/kunde-prio\/zeit-fuer-neues-workshop-programm-aufbluehen-und-durchstarten\/","url":"http:\/\/see-marketing.de\/kunde-prio\/zeit-fuer-neues-workshop-programm-aufbluehen-und-durchstarten\/","name":"Zeit f\u00fcr Neues: Workshop-Programm \"Aufbl\u00fchen und durchstarten\" | See-Marketing - Autoren-Coaching, Website-Erstellung, Portr\u00e4t-und Business-Fotografie, Workshops","isPartOf":{"@id":"https:\/\/see-marketing.de\/kunde-prio\/#website"},"datePublished":"2022-08-01T18:10:44+00:00","dateModified":"2022-08-01T18:12:34+00:00","breadcrumb":{"@id":"http:\/\/see-marketing.de\/kunde-prio\/zeit-fuer-neues-workshop-programm-aufbluehen-und-durchstarten\/#breadcrumb"},"inLanguage":"de","potentialAction":[{"@type":"ReadAction","target":["http:\/\/see-marketing.de\/kunde-prio\/zeit-fuer-neues-workshop-programm-aufbluehen-und-durchstarten\/"]}]},{"@type":"BreadcrumbList","@id":"http:\/\/see-marketing.de\/kunde-prio\/zeit-fuer-neues-workshop-programm-aufbluehen-und-durchstarten\/#breadcrumb","itemListElement":[{"@type":"ListItem","position":1,"name":"Startseite","item":"https:\/\/see-marketing.de\/kunde-prio\/"},{"@type":"ListItem","position":2,"name":"Zeit f\u00fcr Neues: Workshop-Programm &#8222;Aufbl\u00fchen und durchstarten&#8220;"}]},{"@type":"WebSite","@id":"https:\/\/see-marketing.de\/kunde-prio\/#website","url":"https:\/\/see-marketing.de\/kunde-prio\/","name":"See-Marketing - Autoren-Coaching, Website-Erstellung, Portr\u00e4t-und Business-Fotografie, Workshops","description":"Werbeagentur f\u00fcr Autorinnen und Autoren, Handwerk, Tourismus und Soloselbstst\u00e4ndige","publisher":{"@id":"https:\/\/see-marketing.de\/kunde-prio\/#organization"},"potentialAction":[{"@type":"SearchAction","target":{"@type":"EntryPoint","urlTemplate":"https:\/\/see-marketing.de\/kunde-prio\/?s={search_term_string}"},"query-input":{"@type":"PropertyValueSpecification","valueRequired":true,"valueName":"search_term_string"}}],"inLanguage":"de"},{"@type":"Organization","@id":"https:\/\/see-marketing.de\/kunde-prio\/#organization","name":"See-Marketing","url":"https:\/\/see-marketing.de\/kunde-prio\/","logo":{"@type":"ImageObject","inLanguage":"de","@id":"https:\/\/see-marketing.de\/kunde-prio\/#\/schema\/logo\/image\/","url":"http:\/\/see-marketing.de\/kunde-prio\/wp-content\/uploads\/mk_seemarketing.png","contentUrl":"http:\/\/see-marketing.de\/kunde-prio\/wp-content\/uploads\/mk_seemarketing.png","width":400,"height":100,"caption":"See-Marketing"},"image":{"@id":"https:\/\/see-marketing.de\/kunde-prio\/#\/schema\/logo\/image\/"},"sameAs":["https:\/\/www.facebook.com\/marianne.kaindl"]}]}},"_links":{"self":[{"href":"https:\/\/see-marketing.de\/kunde-prio\/wp-json\/wp\/v2\/pages\/6813","targetHints":{"allow":["GET"]}}],"collection":[{"href":"https:\/\/see-marketing.de\/kunde-prio\/wp-json\/wp\/v2\/pages"}],"about":[{"href":"https:\/\/see-marketing.de\/kunde-prio\/wp-json\/wp\/v2\/types\/page"}],"author":[{"embeddable":true,"href":"https:\/\/see-marketing.de\/kunde-prio\/wp-json\/wp\/v2\/users\/7"}],"replies":[{"embeddable":true,"href":"https:\/\/see-marketing.de\/kunde-prio\/wp-json\/wp\/v2\/comments?post=6813"}],"version-history":[{"count":0,"href":"https:\/\/see-marketing.de\/kunde-prio\/wp-json\/wp\/v2\/pages\/6813\/revisions"}],"wp:attachment":[{"href":"https:\/\/see-marketing.de\/kunde-prio\/wp-json\/wp\/v2\/media?parent=6813"}],"curies":[{"name":"wp","href":"https:\/\/api.w.org\/{rel}","templated":true}]}}