{"id":5575,"date":"2022-03-28T14:39:23","date_gmt":"2022-03-28T14:39:23","guid":{"rendered":"http:\/\/see-marketing.de\/kunde-prio\/?page_id=5575"},"modified":"2022-08-01T18:05:45","modified_gmt":"2022-08-01T18:05:45","slug":"bodensee-impressionen","status":"publish","type":"page","link":"https:\/\/see-marketing.de\/kunde-prio\/bodensee-impressionen\/","title":{"rendered":"Fotogalerie"},"content":{"rendered":"<p>[et_pb_section fb_built=&#8220;1&#8243; _builder_version=&#8220;4.16&#8243; _module_preset=&#8220;default&#8220; background_color=&#8220;rgba(251,245,233,0.61)&#8220; custom_padding=&#8220;32px|||||&#8220; global_colors_info=&#8220;{}&#8220;][et_pb_row _builder_version=&#8220;4.16&#8243; _module_preset=&#8220;default&#8220; custom_padding=&#8220;0px|||||&#8220; global_colors_info=&#8220;{}&#8220;][et_pb_column type=&#8220;4_4&#8243; _builder_version=&#8220;4.16&#8243; _module_preset=&#8220;default&#8220; global_colors_info=&#8220;{}&#8220;][et_pb_text _builder_version=&#8220;4.16&#8243; _module_preset=&#8220;default&#8220; ul_font_size=&#8220;16px&#8220; ul_line_height=&#8220;1.9em&#8220; header_font=&#8220;|||on|||||&#8220; header_text_align=&#8220;left&#8220; header_font_size=&#8220;36px&#8220; header_letter_spacing=&#8220;1px&#8220; header_line_height=&#8220;2em&#8220; header_font_size_tablet=&#8220;24px&#8220; header_font_size_phone=&#8220;18px&#8220; header_font_size_last_edited=&#8220;on|phone&#8220; global_colors_info=&#8220;{}&#8220;]<\/p>\n<h1>Bodensee-Impressionen<\/h1>\n<p>[\/et_pb_text][et_pb_gallery gallery_ids=&#8220;6010,6013,6012,6577,6011,6553,6522,6534,6004,6488,6654&#8243; gallery_orderby=&#8220;rand&#8220; fullwidth=&#8220;on&#8220; dbdb_version=&#8220;3.9.2&#8243; disabled_on=&#8220;on|off|off&#8220; _builder_version=&#8220;4.17.4&#8243; _module_preset=&#8220;default&#8220; auto=&#8220;on&#8220; auto_speed=&#8220;3000&#8243; global_colors_info=&#8220;{}&#8220;][\/et_pb_gallery][et_pb_text _builder_version=&#8220;4.16&#8243; _module_preset=&#8220;default&#8220; ul_font_size=&#8220;16px&#8220; ul_line_height=&#8220;1.9em&#8220; header_font=&#8220;|||on|||||&#8220; header_text_align=&#8220;left&#8220; header_font_size=&#8220;36px&#8220; header_letter_spacing=&#8220;1px&#8220; header_line_height=&#8220;2em&#8220; header_font_size_tablet=&#8220;24px&#8220; header_font_size_phone=&#8220;18px&#8220; header_font_size_last_edited=&#8220;on|phone&#8220; global_colors_info=&#8220;{}&#8220;]<\/p>\n<p>Sie w\u00fcnschen Fotos Ihres Ortes oder einer bestimmten Destination am Bodensee? Ich fotografiere sie sehr gerne f\u00fcr Sie und zeige Ihnen Fotos, die ich bereits aufgenommen habe.<\/p>\n<p>Auch die Fotos der Geb\u00e4ude und Landschaften (Ausnahmen: Mainau-Foto und Kunstwerk von Peter Lenk) auf dieser Seite k\u00f6nnen Sie bei mir erhalten<\/p>\n<ul>\n<li>als Lizenz f\u00fcr Ihre Brosch\u00fcre, Website oder Ihren Messeauftritt<\/li>\n<li>und nat\u00fcrlich auch als Druck in verschiedenen Gr\u00f6\u00dfen f\u00fcr Ihre Eingangshalle, ein Hotelzimmer, Ihren Besprechungsraum, Ihr Wohnzimmer oder als exquisites Geschenk.<\/li>\n<\/ul>\n<p>[\/et_pb_text][et_pb_code _builder_version=&#8220;4.16&#8243; _module_preset=&#8220;default&#8220; global_colors_info=&#8220;{}&#8220;][justified_image_grid gallery=6085][\/et_pb_code][et_pb_divider _builder_version=&#8220;4.17.4&#8243; _module_preset=&#8220;default&#8220; global_colors_info=&#8220;{}&#8220;][\/et_pb_divider][et_pb_text _builder_version=&#8220;4.17.4&#8243; _module_preset=&#8220;default&#8220; global_colors_info=&#8220;{}&#8220;]<\/p>\n<p><a href=\"http:\/\/see-marketing.de\/kunde-prio\/schwaene\/\">Foto-Galerie &#8222;Schwanenkinder am Bodensee&#8220;<\/a><\/p>\n<p>[\/et_pb_text][\/et_pb_column][\/et_pb_row][et_pb_row _builder_version=&#8220;4.16&#8243; _module_preset=&#8220;default&#8220; custom_padding=&#8220;100px|||||&#8220; global_colors_info=&#8220;{}&#8220;][et_pb_column type=&#8220;4_4&#8243; _builder_version=&#8220;4.16&#8243; _module_preset=&#8220;default&#8220; global_colors_info=&#8220;{}&#8220;][et_pb_button button_url=&#8220;http:\/\/see-marketing.de\/kunde-prio\/ueberblick-ueber-die-foto-galerien-dieser-website\/&#8220; button_text=&#8220;zur Galerien-\u00dcbersicht&#8220; button_alignment=&#8220;center&#8220; _builder_version=&#8220;4.16&#8243; _module_preset=&#8220;bd80ac75-c9b8-4736-af98-26b1dc258cc0&#8243; custom_button=&#8220;on&#8220; button_text_size=&#8220;14px&#8220; button_text_color=&#8220;#FFFFFF&#8220; button_bg_color=&#8220;#515845&#8243; button_border_width=&#8220;0px&#8220; button_border_radius=&#8220;0px&#8220; button_letter_spacing=&#8220;3px&#8220; button_font=&#8220;|700||on|||||&#8220; background_layout=&#8220;dark&#8220; custom_padding=&#8220;16px|32px|16px|32px|true|true&#8220; global_colors_info=&#8220;{}&#8220; button_bg_color__hover=&#8220;#000000&#8243; button_bg_color__hover_enabled=&#8220;on|desktop&#8220; button_text_color__hover=&#8220;#D6B170&#8243; button_text_color__hover_enabled=&#8220;on|desktop&#8220; button_bg_enable_color__hover=&#8220;on&#8220;][\/et_pb_button][\/et_pb_column][\/et_pb_row][\/et_pb_section]<\/p>\n","protected":false},"excerpt":{"rendered":"<p>Bodensee-ImpressionenSie w\u00fcnschen Fotos Ihres Ortes oder einer bestimmten Destination am Bodensee? Ich fotografiere sie sehr gerne f\u00fcr Sie und zeige Ihnen Fotos, die ich bereits aufgenommen habe. Auch die Fotos der Geb\u00e4ude und Landschaften (Ausnahmen: Mainau-Foto und Kunstwerk von Peter Lenk) auf dieser Seite k\u00f6nnen Sie bei mir erhalten als Lizenz f\u00fcr Ihre Brosch\u00fcre, Website [&hellip;]<\/p>\n","protected":false},"author":7,"featured_media":0,"parent":0,"menu_order":0,"comment_status":"closed","ping_status":"closed","template":"","meta":{"_et_pb_use_builder":"on","_et_pb_old_content":"","_et_gb_content_width":"","footnotes":""},"class_list":["post-5575","page","type-page","status-publish","hentry"],"yoast_head":"<!-- This site is optimized with the Yoast SEO plugin v27.1.1 - https:\/\/yoast.com\/product\/yoast-seo-wordpress\/ -->\n<title>Fotogalerie | See-Marketing - Autoren-Coaching, Website-Erstellung, Portr\u00e4t-und Business-Fotografie, Workshops<\/title>\n<meta name=\"description\" content=\"Wenn Ihnen eins dieser Fotos so gef\u00e4llt, dass Sie es als Bild in einer G\u00e4stesuite oder in Ihrem Wohnzimmer haben m\u00f6chten, sprechen Sie mich an!\" \/>\n<meta name=\"robots\" content=\"index, follow, max-snippet:-1, max-image-preview:large, max-video-preview:-1\" \/>\n<link rel=\"canonical\" href=\"http:\/\/see-marketing.de\/kunde-prio\/bodensee-impressionen\/\" \/>\n<meta property=\"og:locale\" content=\"de_DE\" \/>\n<meta property=\"og:type\" content=\"article\" \/>\n<meta property=\"og:title\" content=\"Fotogalerie | See-Marketing - Autoren-Coaching, Website-Erstellung, Portr\u00e4t-und Business-Fotografie, Workshops\" \/>\n<meta property=\"og:description\" content=\"Wenn Ihnen eins dieser Fotos so gef\u00e4llt, dass Sie es als Bild in einer G\u00e4stesuite oder in Ihrem Wohnzimmer haben m\u00f6chten, sprechen Sie mich an!\" \/>\n<meta property=\"og:url\" content=\"http:\/\/see-marketing.de\/kunde-prio\/bodensee-impressionen\/\" \/>\n<meta property=\"og:site_name\" content=\"See-Marketing - Autoren-Coaching, Website-Erstellung, Portr\u00e4t-und Business-Fotografie, Workshops\" \/>\n<meta property=\"article:publisher\" content=\"https:\/\/www.facebook.com\/marianne.kaindl\" \/>\n<meta property=\"article:modified_time\" content=\"2022-08-01T18:05:45+00:00\" \/>\n<meta name=\"twitter:card\" content=\"summary_large_image\" \/>\n<meta name=\"twitter:label1\" content=\"Gesch\u00e4tzte Lesezeit\" \/>\n\t<meta name=\"twitter:data1\" content=\"1\u00a0Minute\" \/>\n<script type=\"application\/ld+json\" class=\"yoast-schema-graph\">{\"@context\":\"https:\/\/schema.org\",\"@graph\":[{\"@type\":\"WebPage\",\"@id\":\"http:\/\/see-marketing.de\/kunde-prio\/bodensee-impressionen\/\",\"url\":\"http:\/\/see-marketing.de\/kunde-prio\/bodensee-impressionen\/\",\"name\":\"Fotogalerie | See-Marketing - Autoren-Coaching, Website-Erstellung, Portr\u00e4t-und Business-Fotografie, Workshops\",\"isPartOf\":{\"@id\":\"https:\/\/see-marketing.de\/kunde-prio\/#website\"},\"datePublished\":\"2022-03-28T14:39:23+00:00\",\"dateModified\":\"2022-08-01T18:05:45+00:00\",\"description\":\"Wenn Ihnen eins dieser Fotos so gef\u00e4llt, dass Sie es als Bild in einer G\u00e4stesuite oder in Ihrem Wohnzimmer haben m\u00f6chten, sprechen Sie mich an!\",\"breadcrumb\":{\"@id\":\"http:\/\/see-marketing.de\/kunde-prio\/bodensee-impressionen\/#breadcrumb\"},\"inLanguage\":\"de\",\"potentialAction\":[{\"@type\":\"ReadAction\",\"target\":[\"http:\/\/see-marketing.de\/kunde-prio\/bodensee-impressionen\/\"]}]},{\"@type\":\"BreadcrumbList\",\"@id\":\"http:\/\/see-marketing.de\/kunde-prio\/bodensee-impressionen\/#breadcrumb\",\"itemListElement\":[{\"@type\":\"ListItem\",\"position\":1,\"name\":\"Startseite\",\"item\":\"https:\/\/see-marketing.de\/kunde-prio\/\"},{\"@type\":\"ListItem\",\"position\":2,\"name\":\"Fotogalerie\"}]},{\"@type\":\"WebSite\",\"@id\":\"https:\/\/see-marketing.de\/kunde-prio\/#website\",\"url\":\"https:\/\/see-marketing.de\/kunde-prio\/\",\"name\":\"See-Marketing - Autoren-Coaching, Website-Erstellung, Portr\u00e4t-und Business-Fotografie, Workshops\",\"description\":\"Werbeagentur f\u00fcr Autorinnen und Autoren, Handwerk, Tourismus und Soloselbstst\u00e4ndige\",\"publisher\":{\"@id\":\"https:\/\/see-marketing.de\/kunde-prio\/#organization\"},\"potentialAction\":[{\"@type\":\"SearchAction\",\"target\":{\"@type\":\"EntryPoint\",\"urlTemplate\":\"https:\/\/see-marketing.de\/kunde-prio\/?s={search_term_string}\"},\"query-input\":{\"@type\":\"PropertyValueSpecification\",\"valueRequired\":true,\"valueName\":\"search_term_string\"}}],\"inLanguage\":\"de\"},{\"@type\":\"Organization\",\"@id\":\"https:\/\/see-marketing.de\/kunde-prio\/#organization\",\"name\":\"See-Marketing\",\"url\":\"https:\/\/see-marketing.de\/kunde-prio\/\",\"logo\":{\"@type\":\"ImageObject\",\"inLanguage\":\"de\",\"@id\":\"https:\/\/see-marketing.de\/kunde-prio\/#\/schema\/logo\/image\/\",\"url\":\"http:\/\/see-marketing.de\/kunde-prio\/wp-content\/uploads\/mk_seemarketing.png\",\"contentUrl\":\"http:\/\/see-marketing.de\/kunde-prio\/wp-content\/uploads\/mk_seemarketing.png\",\"width\":400,\"height\":100,\"caption\":\"See-Marketing\"},\"image\":{\"@id\":\"https:\/\/see-marketing.de\/kunde-prio\/#\/schema\/logo\/image\/\"},\"sameAs\":[\"https:\/\/www.facebook.com\/marianne.kaindl\"]}]}<\/script>\n<!-- \/ Yoast SEO plugin. -->","yoast_head_json":{"title":"Fotogalerie | See-Marketing - Autoren-Coaching, Website-Erstellung, Portr\u00e4t-und Business-Fotografie, Workshops","description":"Wenn Ihnen eins dieser Fotos so gef\u00e4llt, dass Sie es als Bild in einer G\u00e4stesuite oder in Ihrem Wohnzimmer haben m\u00f6chten, sprechen Sie mich an!","robots":{"index":"index","follow":"follow","max-snippet":"max-snippet:-1","max-image-preview":"max-image-preview:large","max-video-preview":"max-video-preview:-1"},"canonical":"http:\/\/see-marketing.de\/kunde-prio\/bodensee-impressionen\/","og_locale":"de_DE","og_type":"article","og_title":"Fotogalerie | See-Marketing - Autoren-Coaching, Website-Erstellung, Portr\u00e4t-und Business-Fotografie, Workshops","og_description":"Wenn Ihnen eins dieser Fotos so gef\u00e4llt, dass Sie es als Bild in einer G\u00e4stesuite oder in Ihrem Wohnzimmer haben m\u00f6chten, sprechen Sie mich an!","og_url":"http:\/\/see-marketing.de\/kunde-prio\/bodensee-impressionen\/","og_site_name":"See-Marketing - Autoren-Coaching, Website-Erstellung, Portr\u00e4t-und Business-Fotografie, Workshops","article_publisher":"https:\/\/www.facebook.com\/marianne.kaindl","article_modified_time":"2022-08-01T18:05:45+00:00","twitter_card":"summary_large_image","twitter_misc":{"Gesch\u00e4tzte Lesezeit":"1\u00a0Minute"},"schema":{"@context":"https:\/\/schema.org","@graph":[{"@type":"WebPage","@id":"http:\/\/see-marketing.de\/kunde-prio\/bodensee-impressionen\/","url":"http:\/\/see-marketing.de\/kunde-prio\/bodensee-impressionen\/","name":"Fotogalerie | See-Marketing - Autoren-Coaching, Website-Erstellung, Portr\u00e4t-und Business-Fotografie, Workshops","isPartOf":{"@id":"https:\/\/see-marketing.de\/kunde-prio\/#website"},"datePublished":"2022-03-28T14:39:23+00:00","dateModified":"2022-08-01T18:05:45+00:00","description":"Wenn Ihnen eins dieser Fotos so gef\u00e4llt, dass Sie es als Bild in einer G\u00e4stesuite oder in Ihrem Wohnzimmer haben m\u00f6chten, sprechen Sie mich an!","breadcrumb":{"@id":"http:\/\/see-marketing.de\/kunde-prio\/bodensee-impressionen\/#breadcrumb"},"inLanguage":"de","potentialAction":[{"@type":"ReadAction","target":["http:\/\/see-marketing.de\/kunde-prio\/bodensee-impressionen\/"]}]},{"@type":"BreadcrumbList","@id":"http:\/\/see-marketing.de\/kunde-prio\/bodensee-impressionen\/#breadcrumb","itemListElement":[{"@type":"ListItem","position":1,"name":"Startseite","item":"https:\/\/see-marketing.de\/kunde-prio\/"},{"@type":"ListItem","position":2,"name":"Fotogalerie"}]},{"@type":"WebSite","@id":"https:\/\/see-marketing.de\/kunde-prio\/#website","url":"https:\/\/see-marketing.de\/kunde-prio\/","name":"See-Marketing - Autoren-Coaching, Website-Erstellung, Portr\u00e4t-und Business-Fotografie, Workshops","description":"Werbeagentur f\u00fcr Autorinnen und Autoren, Handwerk, Tourismus und Soloselbstst\u00e4ndige","publisher":{"@id":"https:\/\/see-marketing.de\/kunde-prio\/#organization"},"potentialAction":[{"@type":"SearchAction","target":{"@type":"EntryPoint","urlTemplate":"https:\/\/see-marketing.de\/kunde-prio\/?s={search_term_string}"},"query-input":{"@type":"PropertyValueSpecification","valueRequired":true,"valueName":"search_term_string"}}],"inLanguage":"de"},{"@type":"Organization","@id":"https:\/\/see-marketing.de\/kunde-prio\/#organization","name":"See-Marketing","url":"https:\/\/see-marketing.de\/kunde-prio\/","logo":{"@type":"ImageObject","inLanguage":"de","@id":"https:\/\/see-marketing.de\/kunde-prio\/#\/schema\/logo\/image\/","url":"http:\/\/see-marketing.de\/kunde-prio\/wp-content\/uploads\/mk_seemarketing.png","contentUrl":"http:\/\/see-marketing.de\/kunde-prio\/wp-content\/uploads\/mk_seemarketing.png","width":400,"height":100,"caption":"See-Marketing"},"image":{"@id":"https:\/\/see-marketing.de\/kunde-prio\/#\/schema\/logo\/image\/"},"sameAs":["https:\/\/www.facebook.com\/marianne.kaindl"]}]}},"_links":{"self":[{"href":"https:\/\/see-marketing.de\/kunde-prio\/wp-json\/wp\/v2\/pages\/5575","targetHints":{"allow":["GET"]}}],"collection":[{"href":"https:\/\/see-marketing.de\/kunde-prio\/wp-json\/wp\/v2\/pages"}],"about":[{"href":"https:\/\/see-marketing.de\/kunde-prio\/wp-json\/wp\/v2\/types\/page"}],"author":[{"embeddable":true,"href":"https:\/\/see-marketing.de\/kunde-prio\/wp-json\/wp\/v2\/users\/7"}],"replies":[{"embeddable":true,"href":"https:\/\/see-marketing.de\/kunde-prio\/wp-json\/wp\/v2\/comments?post=5575"}],"version-history":[{"count":0,"href":"https:\/\/see-marketing.de\/kunde-prio\/wp-json\/wp\/v2\/pages\/5575\/revisions"}],"wp:attachment":[{"href":"https:\/\/see-marketing.de\/kunde-prio\/wp-json\/wp\/v2\/media?parent=5575"}],"curies":[{"name":"wp","href":"https:\/\/api.w.org\/{rel}","templated":true}]}}