{"id":43,"date":"2022-03-21T14:46:20","date_gmt":"2022-03-21T14:46:20","guid":{"rendered":"http:\/\/tierarztpraxis-am-saussbach.de\/?page_id=43"},"modified":"2023-11-25T19:09:53","modified_gmt":"2023-11-25T19:09:53","slug":"hotelfotografie-tourismus-fotografie-von-marianne-kaindl","status":"publish","type":"page","link":"https:\/\/see-marketing.de\/kunde-prio\/","title":{"rendered":"Marketing-L\u00f6sungen &#8211; Text &#8211; Business-Fotografie &#8211; Websites &#8211; Stellenangebote mit Marketing-Methoden"},"content":{"rendered":"<p>[et_pb_section fb_built=&#8220;1&#8243; disabled_on=&#8220;off|off|off&#8220; admin_label=&#8220;Gradient Background Color Section&#8220; _builder_version=&#8220;4.18.0&#8243; background_color_gradient_direction=&#8220;90deg&#8220; background_image=&#8220;http:\/\/see-marketing.de\/kunde-prio\/wp-content\/uploads\/background-split-02-1024x452_2-1.jpg&#8220; custom_margin=&#8220;||78px|&#8220; custom_margin_tablet=&#8220;||0px|&#8220; custom_margin_phone=&#8220;&#8220; custom_margin_last_edited=&#8220;on|phone&#8220; custom_padding=&#8220;10%||0px|&#8220; global_colors_info=&#8220;{}&#8220;][et_pb_row _builder_version=&#8220;4.16&#8243; custom_padding=&#8220;0px|0px|0px|0px&#8220; global_colors_info=&#8220;{}&#8220;][et_pb_column type=&#8220;4_4&#8243; _builder_version=&#8220;4.16&#8243; custom_padding=&#8220;|||&#8220; global_colors_info=&#8220;{}&#8220; custom_padding__hover=&#8220;|||&#8220;][et_pb_image src=&#8220;http:\/\/see-marketing.de\/kunde-prio\/wp-content\/uploads\/MB-purefront-03-1-1024&#215;586-2.png&#8220; title_text=&#8220;MB-purefront-03-1-1024&#215;586&#8243; align_tablet=&#8220;center&#8220; align_phone=&#8220;center&#8220; align_last_edited=&#8220;on|desktop&#8220; _builder_version=&#8220;4.18.0&#8243; custom_margin=&#8220;||-56px|&#8220; custom_margin_tablet=&#8220;||10%|&#8220; custom_margin_phone=&#8220;&#8220; custom_margin_last_edited=&#8220;on|phone&#8220; custom_padding=&#8220;|||&#8220; animation_style=&#8220;slide&#8220; animation_direction=&#8220;left&#8220; animation_duration=&#8220;1500ms&#8220; animation_intensity_slide=&#8220;10%&#8220; animation_starting_opacity=&#8220;100%&#8220; locked=&#8220;off&#8220; global_colors_info=&#8220;{}&#8220;][\/et_pb_image][\/et_pb_column][\/et_pb_row][\/et_pb_section][et_pb_section fb_built=&#8220;1&#8243; _builder_version=&#8220;4.18.0&#8243; _module_preset=&#8220;default&#8220; background_enable_color=&#8220;off&#8220; global_colors_info=&#8220;{}&#8220;][et_pb_row _builder_version=&#8220;4.16&#8243; _module_preset=&#8220;default&#8220; global_colors_info=&#8220;{}&#8220;][et_pb_column type=&#8220;4_4&#8243; _builder_version=&#8220;4.16&#8243; _module_preset=&#8220;default&#8220; global_colors_info=&#8220;{}&#8220;][et_pb_text _builder_version=&#8220;4.23.1&#8243; _module_preset=&#8220;default&#8220; text_font=&#8220;Lato||||||||&#8220; header_font=&#8220;Literata|600||on|||||&#8220; header_text_align=&#8220;center&#8220; header_text_color=&#8220;#e25c49&#8243; header_font_size=&#8220;28px&#8220; header_letter_spacing=&#8220;1px&#8220; header_line_height=&#8220;1.4em&#8220; hover_enabled=&#8220;0&#8243; header_font_size_tablet=&#8220;24px&#8220; header_font_size_phone=&#8220;18px&#8220; header_font_size_last_edited=&#8220;on|phone&#8220; global_colors_info=&#8220;{}&#8220; sticky_enabled=&#8220;0&#8243;]<\/p>\n<h1>Krisenzeiten sind Zeiten, in denen aufs Wesentliche fokussierte, kluge L\u00f6sungen entstehen k\u00f6nnen<\/h1>\n<p>&nbsp;<\/p>\n<p>[\/et_pb_text][et_pb_text _builder_version=&#8220;4.23.1&#8243; _module_preset=&#8220;default&#8220; header_2_font=&#8220;Yantramanav|600|||||||&#8220; header_2_text_align=&#8220;center&#8220; header_2_text_color=&#8220;#920328&#8243; header_2_font_size=&#8220;22px&#8220; hover_enabled=&#8220;0&#8243; global_colors_info=&#8220;{}&#8220; sticky_enabled=&#8220;0&#8243;]<\/p>\n<h2>Sie entwickeln L\u00f6sungen.<br \/>See-Marketing macht sie sichtbar f\u00fcr die Zielgruppen, die Sie erreichen m\u00f6chten.<\/h2>\n<p>&nbsp;<\/p>\n<p>[\/et_pb_text][et_pb_text _builder_version=&#8220;4.18.0&#8243; _module_preset=&#8220;default&#8220; text_text_color=&#8220;#52576D&#8220; hover_enabled=&#8220;0&#8243; global_colors_info=&#8220;{}&#8220; sticky_enabled=&#8220;0&#8243;]<\/p>\n<p>Besonders viel Erfahrung habe ich mit diesen Branchen:<\/p>\n<ul>\n<li>Gastronomie, Hotelerie, Tourismus<\/li>\n<li>lokales Handwerk<\/li>\n<li>mittelst\u00e4ndische Industrie<\/li>\n<li>Coaches und Berater.<\/li>\n<\/ul>\n<p>Ich arbeite vorwiegend mit KMU &#8211; von der\u00a0 Solounternehmerin \u00fcber den Familienbetrieb bis zum mittelst\u00e4ndischen Industrieunternehmen mit 100 oder 150 Mitarbeitern.<\/p>\n<p>Durch meine langj\u00e4hrige T\u00e4tigkeit als Projektleiterin bei Siemens (vor ich 2001 See-Marketing gr\u00fcndete) kenne ich aber auch die Strukturen eines Industrieunternehmens, dessen Entwicklungen f\u00fchrend auf dem Weltmarkt sind.<\/p>\n<p>[\/et_pb_text][\/et_pb_column][\/et_pb_row][\/et_pb_section]<\/p>\n","protected":false},"excerpt":{"rendered":"<p>Krisenzeiten sind Zeiten, in denen aufs Wesentliche fokussierte, kluge L\u00f6sungen entstehen k\u00f6nnen &nbsp;Sie entwickeln L\u00f6sungen.See-Marketing macht sie sichtbar f\u00fcr die Zielgruppen, die Sie erreichen m\u00f6chten. &nbsp;Besonders viel Erfahrung habe ich mit diesen Branchen: Gastronomie, Hotelerie, Tourismus lokales Handwerk mittelst\u00e4ndische Industrie Coaches und Berater. Ich arbeite vorwiegend mit KMU &#8211; von der\u00a0 Solounternehmerin \u00fcber den Familienbetrieb [&hellip;]<\/p>\n","protected":false},"author":7,"featured_media":0,"parent":0,"menu_order":0,"comment_status":"closed","ping_status":"closed","template":"","meta":{"_et_pb_use_builder":"on","_et_pb_old_content":"","_et_gb_content_width":"","footnotes":""},"class_list":["post-43","page","type-page","status-publish","hentry"],"yoast_head":"<!-- This site is optimized with the Yoast SEO plugin v27.1.1 - https:\/\/yoast.com\/product\/yoast-seo-wordpress\/ -->\n<title>Marketing-L\u00f6sungen - Text - Business-Fotografie - Websites - Stellenangebote mit Marketing-Methoden | See-Marketing - Autoren-Coaching, Website-Erstellung, Portr\u00e4t-und Business-Fotografie, Workshops<\/title>\n<meta name=\"description\" content=\"Erstklassige Hotel- und Tourismusfotos machen DEN Unterschied, auf Buchungsportalen, Ihrer Website, den Social Media. Mehr Buchungen in der Vor- und Nachsaison erhalten!\" \/>\n<meta name=\"robots\" content=\"index, follow, max-snippet:-1, max-image-preview:large, max-video-preview:-1\" \/>\n<link rel=\"canonical\" href=\"https:\/\/see-marketing.de\/kunde-prio\/\" \/>\n<meta property=\"og:locale\" content=\"de_DE\" \/>\n<meta property=\"og:type\" content=\"article\" \/>\n<meta property=\"og:title\" content=\"Hotel- und Tourismusfotografie Marianne Kaindl\" \/>\n<meta property=\"og:description\" content=\"Erstklassige Hotelfotos machen DEN Unterschied, auf Portalen wie booking.com, auf Ihrer Website, in den Social Media. Hier am Bodensee haben Sie kein Problem damit, in der Hauptsaison ausgebucht zu sein. Wie allerdings w\u00e4re es, wenn Sie durch exquisite Fotos (und gern \u2013 erg\u00e4nzend \u2013 professionelle Texte) auch die Vor- und Nachsaison weit effizienter nutzen k\u00f6nnten als bisher?\" \/>\n<meta property=\"og:url\" content=\"https:\/\/see-marketing.de\/kunde-prio\/\" \/>\n<meta property=\"og:site_name\" content=\"See-Marketing - Autoren-Coaching, Website-Erstellung, Portr\u00e4t-und Business-Fotografie, Workshops\" \/>\n<meta property=\"article:publisher\" content=\"https:\/\/www.facebook.com\/marianne.kaindl\" \/>\n<meta property=\"article:modified_time\" content=\"2023-11-25T19:09:53+00:00\" \/>\n<meta name=\"twitter:card\" content=\"summary_large_image\" \/>\n<meta name=\"twitter:title\" content=\"Hotel- und Tourismusfotografie Marianne Kaindl\" \/>\n<meta name=\"twitter:description\" content=\"Erstklassige Hotelfotos machen DEN Unterschied, auf Portalen wie booking.com, auf Ihrer Website, in den Social Media. Hier am Bodensee haben Sie kein Problem damit, in der Hauptsaison ausgebucht zu sein. Wie allerdings w\u00e4re es, wenn Sie durch exquisite Fotos (und gern \u2013 erg\u00e4nzend \u2013 professionelle Texte) auch die Vor- und Nachsaison weit effizienter nutzen k\u00f6nnten als bisher?\" \/>\n<meta name=\"twitter:label1\" content=\"Gesch\u00e4tzte Lesezeit\" \/>\n\t<meta name=\"twitter:data1\" content=\"4\u00a0Minuten\" \/>\n<script type=\"application\/ld+json\" class=\"yoast-schema-graph\">{\"@context\":\"https:\/\/schema.org\",\"@graph\":[{\"@type\":\"WebPage\",\"@id\":\"https:\/\/see-marketing.de\/kunde-prio\/\",\"url\":\"https:\/\/see-marketing.de\/kunde-prio\/\",\"name\":\"Marketing-L\u00f6sungen - Text - Business-Fotografie - Websites - Stellenangebote mit Marketing-Methoden | See-Marketing - Autoren-Coaching, Website-Erstellung, Portr\u00e4t-und Business-Fotografie, Workshops\",\"isPartOf\":{\"@id\":\"https:\/\/see-marketing.de\/kunde-prio\/#website\"},\"datePublished\":\"2022-03-21T14:46:20+00:00\",\"dateModified\":\"2023-11-25T19:09:53+00:00\",\"description\":\"Erstklassige Hotel- und Tourismusfotos machen DEN Unterschied, auf Buchungsportalen, Ihrer Website, den Social Media. Mehr Buchungen in der Vor- und Nachsaison erhalten!\",\"breadcrumb\":{\"@id\":\"https:\/\/see-marketing.de\/kunde-prio\/#breadcrumb\"},\"inLanguage\":\"de\",\"potentialAction\":[{\"@type\":\"ReadAction\",\"target\":[\"https:\/\/see-marketing.de\/kunde-prio\/\"]}]},{\"@type\":\"BreadcrumbList\",\"@id\":\"https:\/\/see-marketing.de\/kunde-prio\/#breadcrumb\",\"itemListElement\":[{\"@type\":\"ListItem\",\"position\":1,\"name\":\"Startseite\",\"item\":\"https:\/\/see-marketing.de\/kunde-prio\/\"},{\"@type\":\"ListItem\",\"position\":2,\"name\":\"Marketing-L\u00f6sungen &#8211; Text &#8211; Business-Fotografie &#8211; Websites &#8211; Stellenangebote mit Marketing-Methoden\"}]},{\"@type\":\"WebSite\",\"@id\":\"https:\/\/see-marketing.de\/kunde-prio\/#website\",\"url\":\"https:\/\/see-marketing.de\/kunde-prio\/\",\"name\":\"See-Marketing - Autoren-Coaching, Website-Erstellung, Portr\u00e4t-und Business-Fotografie, Workshops\",\"description\":\"Werbeagentur f\u00fcr Autorinnen und Autoren, Handwerk, Tourismus und Soloselbstst\u00e4ndige\",\"publisher\":{\"@id\":\"https:\/\/see-marketing.de\/kunde-prio\/#organization\"},\"potentialAction\":[{\"@type\":\"SearchAction\",\"target\":{\"@type\":\"EntryPoint\",\"urlTemplate\":\"https:\/\/see-marketing.de\/kunde-prio\/?s={search_term_string}\"},\"query-input\":{\"@type\":\"PropertyValueSpecification\",\"valueRequired\":true,\"valueName\":\"search_term_string\"}}],\"inLanguage\":\"de\"},{\"@type\":\"Organization\",\"@id\":\"https:\/\/see-marketing.de\/kunde-prio\/#organization\",\"name\":\"See-Marketing\",\"url\":\"https:\/\/see-marketing.de\/kunde-prio\/\",\"logo\":{\"@type\":\"ImageObject\",\"inLanguage\":\"de\",\"@id\":\"https:\/\/see-marketing.de\/kunde-prio\/#\/schema\/logo\/image\/\",\"url\":\"http:\/\/see-marketing.de\/kunde-prio\/wp-content\/uploads\/mk_seemarketing.png\",\"contentUrl\":\"http:\/\/see-marketing.de\/kunde-prio\/wp-content\/uploads\/mk_seemarketing.png\",\"width\":400,\"height\":100,\"caption\":\"See-Marketing\"},\"image\":{\"@id\":\"https:\/\/see-marketing.de\/kunde-prio\/#\/schema\/logo\/image\/\"},\"sameAs\":[\"https:\/\/www.facebook.com\/marianne.kaindl\"]}]}<\/script>\n<!-- \/ Yoast SEO plugin. -->","yoast_head_json":{"title":"Marketing-L\u00f6sungen - Text - Business-Fotografie - Websites - Stellenangebote mit Marketing-Methoden | See-Marketing - Autoren-Coaching, Website-Erstellung, Portr\u00e4t-und Business-Fotografie, Workshops","description":"Erstklassige Hotel- und Tourismusfotos machen DEN Unterschied, auf Buchungsportalen, Ihrer Website, den Social Media. Mehr Buchungen in der Vor- und Nachsaison erhalten!","robots":{"index":"index","follow":"follow","max-snippet":"max-snippet:-1","max-image-preview":"max-image-preview:large","max-video-preview":"max-video-preview:-1"},"canonical":"https:\/\/see-marketing.de\/kunde-prio\/","og_locale":"de_DE","og_type":"article","og_title":"Hotel- und Tourismusfotografie Marianne Kaindl","og_description":"Erstklassige Hotelfotos machen DEN Unterschied, auf Portalen wie booking.com, auf Ihrer Website, in den Social Media. Hier am Bodensee haben Sie kein Problem damit, in der Hauptsaison ausgebucht zu sein. Wie allerdings w\u00e4re es, wenn Sie durch exquisite Fotos (und gern \u2013 erg\u00e4nzend \u2013 professionelle Texte) auch die Vor- und Nachsaison weit effizienter nutzen k\u00f6nnten als bisher?","og_url":"https:\/\/see-marketing.de\/kunde-prio\/","og_site_name":"See-Marketing - Autoren-Coaching, Website-Erstellung, Portr\u00e4t-und Business-Fotografie, Workshops","article_publisher":"https:\/\/www.facebook.com\/marianne.kaindl","article_modified_time":"2023-11-25T19:09:53+00:00","twitter_card":"summary_large_image","twitter_title":"Hotel- und Tourismusfotografie Marianne Kaindl","twitter_description":"Erstklassige Hotelfotos machen DEN Unterschied, auf Portalen wie booking.com, auf Ihrer Website, in den Social Media. Hier am Bodensee haben Sie kein Problem damit, in der Hauptsaison ausgebucht zu sein. Wie allerdings w\u00e4re es, wenn Sie durch exquisite Fotos (und gern \u2013 erg\u00e4nzend \u2013 professionelle Texte) auch die Vor- und Nachsaison weit effizienter nutzen k\u00f6nnten als bisher?","twitter_misc":{"Gesch\u00e4tzte Lesezeit":"4\u00a0Minuten"},"schema":{"@context":"https:\/\/schema.org","@graph":[{"@type":"WebPage","@id":"https:\/\/see-marketing.de\/kunde-prio\/","url":"https:\/\/see-marketing.de\/kunde-prio\/","name":"Marketing-L\u00f6sungen - Text - Business-Fotografie - Websites - Stellenangebote mit Marketing-Methoden | See-Marketing - Autoren-Coaching, Website-Erstellung, Portr\u00e4t-und Business-Fotografie, Workshops","isPartOf":{"@id":"https:\/\/see-marketing.de\/kunde-prio\/#website"},"datePublished":"2022-03-21T14:46:20+00:00","dateModified":"2023-11-25T19:09:53+00:00","description":"Erstklassige Hotel- und Tourismusfotos machen DEN Unterschied, auf Buchungsportalen, Ihrer Website, den Social Media. Mehr Buchungen in der Vor- und Nachsaison erhalten!","breadcrumb":{"@id":"https:\/\/see-marketing.de\/kunde-prio\/#breadcrumb"},"inLanguage":"de","potentialAction":[{"@type":"ReadAction","target":["https:\/\/see-marketing.de\/kunde-prio\/"]}]},{"@type":"BreadcrumbList","@id":"https:\/\/see-marketing.de\/kunde-prio\/#breadcrumb","itemListElement":[{"@type":"ListItem","position":1,"name":"Startseite","item":"https:\/\/see-marketing.de\/kunde-prio\/"},{"@type":"ListItem","position":2,"name":"Marketing-L\u00f6sungen &#8211; Text &#8211; Business-Fotografie &#8211; Websites &#8211; Stellenangebote mit Marketing-Methoden"}]},{"@type":"WebSite","@id":"https:\/\/see-marketing.de\/kunde-prio\/#website","url":"https:\/\/see-marketing.de\/kunde-prio\/","name":"See-Marketing - Autoren-Coaching, Website-Erstellung, Portr\u00e4t-und Business-Fotografie, Workshops","description":"Werbeagentur f\u00fcr Autorinnen und Autoren, Handwerk, Tourismus und Soloselbstst\u00e4ndige","publisher":{"@id":"https:\/\/see-marketing.de\/kunde-prio\/#organization"},"potentialAction":[{"@type":"SearchAction","target":{"@type":"EntryPoint","urlTemplate":"https:\/\/see-marketing.de\/kunde-prio\/?s={search_term_string}"},"query-input":{"@type":"PropertyValueSpecification","valueRequired":true,"valueName":"search_term_string"}}],"inLanguage":"de"},{"@type":"Organization","@id":"https:\/\/see-marketing.de\/kunde-prio\/#organization","name":"See-Marketing","url":"https:\/\/see-marketing.de\/kunde-prio\/","logo":{"@type":"ImageObject","inLanguage":"de","@id":"https:\/\/see-marketing.de\/kunde-prio\/#\/schema\/logo\/image\/","url":"http:\/\/see-marketing.de\/kunde-prio\/wp-content\/uploads\/mk_seemarketing.png","contentUrl":"http:\/\/see-marketing.de\/kunde-prio\/wp-content\/uploads\/mk_seemarketing.png","width":400,"height":100,"caption":"See-Marketing"},"image":{"@id":"https:\/\/see-marketing.de\/kunde-prio\/#\/schema\/logo\/image\/"},"sameAs":["https:\/\/www.facebook.com\/marianne.kaindl"]}]}},"_links":{"self":[{"href":"https:\/\/see-marketing.de\/kunde-prio\/wp-json\/wp\/v2\/pages\/43","targetHints":{"allow":["GET"]}}],"collection":[{"href":"https:\/\/see-marketing.de\/kunde-prio\/wp-json\/wp\/v2\/pages"}],"about":[{"href":"https:\/\/see-marketing.de\/kunde-prio\/wp-json\/wp\/v2\/types\/page"}],"author":[{"embeddable":true,"href":"https:\/\/see-marketing.de\/kunde-prio\/wp-json\/wp\/v2\/users\/7"}],"replies":[{"embeddable":true,"href":"https:\/\/see-marketing.de\/kunde-prio\/wp-json\/wp\/v2\/comments?post=43"}],"version-history":[{"count":15,"href":"https:\/\/see-marketing.de\/kunde-prio\/wp-json\/wp\/v2\/pages\/43\/revisions"}],"predecessor-version":[{"id":7283,"href":"https:\/\/see-marketing.de\/kunde-prio\/wp-json\/wp\/v2\/pages\/43\/revisions\/7283"}],"wp:attachment":[{"href":"https:\/\/see-marketing.de\/kunde-prio\/wp-json\/wp\/v2\/media?parent=43"}],"curies":[{"name":"wp","href":"https:\/\/api.w.org\/{rel}","templated":true}]}}