{"id":1736,"date":"2022-03-22T13:51:07","date_gmt":"2022-03-22T13:51:07","guid":{"rendered":"http:\/\/see-marketing.de\/kunde-prio\/?page_id=1736"},"modified":"2022-08-01T18:07:26","modified_gmt":"2022-08-01T18:07:26","slug":"so-arbeite-ich","status":"publish","type":"page","link":"https:\/\/see-marketing.de\/kunde-prio\/so-arbeite-ich\/","title":{"rendered":"So arbeite ich \/ Projektablauf"},"content":{"rendered":"<p>[et_pb_section fb_built=&#8220;1&#8243; custom_padding_last_edited=&#8220;off|desktop&#8220; admin_label=&#8220;About&#8220; _builder_version=&#8220;4.16&#8243; _module_preset=&#8220;default&#8220; background_color=&#8220;#f6efe7&#8243; background_enable_color=&#8220;off&#8220; background_color_gradient_direction=&#8220;161deg&#8220; background_color_gradient_start=&#8220;rgba(35,43,33,0.13)&#8220; background_color_gradient_end=&#8220;#232b21&#8243; background_enable_image=&#8220;off&#8220; overflow-x=&#8220;hidden&#8220; overflow-y=&#8220;hidden&#8220; custom_padding_tablet=&#8220;150px||150px||true|false&#8220; custom_padding_phone=&#8220;80px||80px||true|false&#8220; global_colors_info=&#8220;{}&#8220;][et_pb_row _builder_version=&#8220;4.16&#8243; _module_preset=&#8220;default&#8220; global_colors_info=&#8220;{}&#8220;][et_pb_column type=&#8220;4_4&#8243; _builder_version=&#8220;4.16&#8243; _module_preset=&#8220;default&#8220; z_index=&#8220;10&#8243; global_colors_info=&#8220;{}&#8220;][et_pb_image src=&#8220;http:\/\/see-marketing.de\/kunde-prio\/wp-content\/uploads\/marianne-kaindl_fotografiertDSC_0137.jpg&#8220; alt=&#8220;Marianne Kaindl fotografiert am Bodensee&#8220; title_text=&#8220;Marianne Kaindl fotografiert am Bodensee&#8220; _builder_version=&#8220;4.16&#8243; _module_preset=&#8220;default&#8220; global_colors_info=&#8220;{}&#8220;][\/et_pb_image][\/et_pb_column][\/et_pb_row][et_pb_row _builder_version=&#8220;4.16&#8243; _module_preset=&#8220;default&#8220; global_colors_info=&#8220;{}&#8220;][et_pb_column type=&#8220;4_4&#8243; _builder_version=&#8220;4.16&#8243; _module_preset=&#8220;default&#8220; global_colors_info=&#8220;{}&#8220;][et_pb_text _builder_version=&#8220;4.16&#8243; _module_preset=&#8220;default&#8220; header_font=&#8220;|||on|||||&#8220; header_text_align=&#8220;center&#8220; header_text_color=&#8220;#B99D5E&#8220; header_font_size=&#8220;36px&#8220; header_letter_spacing=&#8220;1px&#8220; header_line_height=&#8220;1.4em&#8220; custom_margin=&#8220;||9px|||&#8220; global_colors_info=&#8220;{}&#8220;]<\/p>\n<h1>Antworten<\/h1>\n<p>[\/et_pb_text][et_pb_text _builder_version=&#8220;4.16&#8243; _module_preset=&#8220;aec0be99-8a53-4f75-abf2-64f29a8b4cc2&#8243; text_font=&#8220;|||on|||||&#8220; text_text_color=&#8220;#52576D&#8220; text_font_size=&#8220;20px&#8220; text_letter_spacing=&#8220;5px&#8220; text_line_height=&#8220;1.8em&#8220; text_orientation=&#8220;center&#8220; text_font_size_tablet=&#8220;20px&#8220; text_font_size_phone=&#8220;19px&#8220; text_font_size_last_edited=&#8220;on|phone&#8220; locked=&#8220;off&#8220; global_colors_info=&#8220;{}&#8220;]<\/p>\n<p>auf Fragen, die Sie vielleicht zu meiner Arbeit haben<\/p>\n<p>[\/et_pb_text][\/et_pb_column][\/et_pb_row][et_pb_row _builder_version=&#8220;4.16&#8243; _module_preset=&#8220;default&#8220; global_colors_info=&#8220;{}&#8220;][et_pb_column type=&#8220;4_4&#8243; _builder_version=&#8220;4.16&#8243; _module_preset=&#8220;default&#8220; global_colors_info=&#8220;{}&#8220;][et_pb_accordion _builder_version=&#8220;4.16&#8243; _module_preset=&#8220;default&#8220; global_colors_info=&#8220;{}&#8220;][et_pb_accordion_item title=&#8220;Wie l\u00e4uft das Fotoshooting ab?&#8220; open=&#8220;on&#8220; open_toggle_background_color=&#8220;RGBA(255,255,255,0)&#8220; closed_toggle_text_color=&#8220;#52576D&#8220; _builder_version=&#8220;4.16&#8243; _module_preset=&#8220;default&#8220; body_ul_font_size=&#8220;16px&#8220; body_ul_line_height=&#8220;1.9em&#8220; box_shadow_style=&#8220;preset1&#8243; global_colors_info=&#8220;{}&#8220; toggle_text_color=&#8220;#B99D5E&#8220; toggle_font=&#8220;|600||on|||||&#8220; toggle_line_height=&#8220;1.9em&#8220; closed_toggle_font=&#8220;|600||on|||||&#8220; closed_toggle_line_height=&#8220;1.9em&#8220;]<\/p>\n<ul>\n<li>Wir f\u00fchren am Telefon, besser noch direkt bei Ihnen vor Ort, ein <span style=\"color: rgba(40, 91, 186, 0.8);\">ausf\u00fchrliches Vorgespr\u00e4ch<\/span>. Wenn Sie spezielle W\u00fcnsche haben, lassen Sie\u2019s mich wissen!<\/li>\n<li>Beim <span style=\"color: rgba(40, 91, 186, 0.8);\">Fotoshooting<\/span> fotografiere ich normalerweise pro Zimmer oder Suite aus unterschiedlichen Perspektiven zwei Gesamtaufnahmen, eine stilvolle Detailaufnahme und das Bad. Das ist eine hervorragende Grundlage, aber selbstverst\u00e4ndlich kann ich Ihnen auch eine umfangreichere <span style=\"color: rgba(82, 87, 109, 0.8);\">Premium-Fotoreihe<\/span> erstellen. Wenn Sie zum ersten Mal ein Hotel-Fotoshooting bei mir buchen, ist es eine gute Idee, auch die Au\u00dfenansicht des Geb\u00e4udes (wichtig f\u00fcr Buchungsportale!), den Fr\u00fchst\u00fccksraum, die Rezeption und den Garten gleich mit fotografieren zu lassen.<\/li>\n<li>Im Anschluss ans Fotoshooting erfolgt meine Arbeit hier im Studio, die <span style=\"color: rgba(40, 91, 186, 0.8);\">Postproduction<\/span>. Mit geschultem Blick betone ich besonders sch\u00f6ne Details, lasse ein st\u00f6rendes Kabel verschwinden, setze hier und da einen kleinen Wow-Effekt und bringe Ihr Foto zum Leuchten.<\/li>\n<li>Und schlie\u00dflich schn\u00fcre ich <span style=\"color: rgba(40, 91, 186, 0.8);\">Ihr Paket<\/span>: Sie erhalten jedes bestellte Foto in der Originalgr\u00f6\u00dfe, in der Gr\u00f6\u00dfe, die die bekannten Buchungsportale w\u00fcnschen (als Referenz verwende ich die Vorgaben von booking.com) und in Internet-Gr\u00f6\u00dfe f\u00fcr Ihre Website, f\u00fcr Facebook, Instagram und den Internet-Auftritt Ihrer Tourist-Information. Wenn Sie es w\u00fcnschen, pflege ich die Fotos gleich auf Ihrer Website, Ihren Social-Media-Kan\u00e4len und den Buchungsportalen ein, damit Sie sich entspannt auf Ihr Kerngesch\u00e4ft konzentrieren k\u00f6nnen.<\/li>\n<\/ul>\n<p>[\/et_pb_accordion_item][et_pb_accordion_item title=&#8220;Wie lange dauert es, bis die Fotos fertig sind?&#8220; open_toggle_background_color=&#8220;RGBA(255,255,255,0)&#8220; closed_toggle_text_color=&#8220;#52576D&#8220; _builder_version=&#8220;4.16&#8243; _module_preset=&#8220;default&#8220; body_ul_font_size=&#8220;16px&#8220; body_ul_line_height=&#8220;1.9em&#8220; box_shadow_style=&#8220;preset1&#8243; global_colors_info=&#8220;{}&#8220; toggle_text_color=&#8220;#B99D5E&#8220; toggle_font=&#8220;|600||on|||||&#8220; toggle_line_height=&#8220;1.9em&#8220; closed_toggle_font=&#8220;|600||on|||||&#8220; closed_toggle_line_height=&#8220;1.9em&#8220; open=&#8220;off&#8220;]<\/p>\n<p>Normalerweise 1 Woche ab dem Fototermin. Wenn es schneller gehen soll, besprechen Sie das bitte unbedingt schon im Vorgespr\u00e4ch mit mir; ich schaue dann, was sich machen l\u00e4sst.<\/p>\n<p>Bisher habe ich immer eine L\u00f6sung gefunden.<\/p>\n<p>[\/et_pb_accordion_item][et_pb_accordion_item title=&#8220;Kann ich mir Ihre Arbeit leisten?&#8220; open_toggle_background_color=&#8220;RGBA(255,255,255,0)&#8220; closed_toggle_text_color=&#8220;#52576D&#8220; _builder_version=&#8220;4.16&#8243; _module_preset=&#8220;default&#8220; body_ul_font_size=&#8220;16px&#8220; body_ul_line_height=&#8220;1.9em&#8220; box_shadow_style=&#8220;preset1&#8243; global_colors_info=&#8220;{}&#8220; toggle_text_color=&#8220;#B99D5E&#8220; toggle_font=&#8220;|600||on|||||&#8220; toggle_line_height=&#8220;1.9em&#8220; closed_toggle_font=&#8220;|600||on|||||&#8220; closed_toggle_line_height=&#8220;1.9em&#8220; open=&#8220;off&#8220;]<\/p>\n<p>Definitiv ja.<\/p>\n<p>Vielleicht sagen Sie sp\u00e4ter, wenn die Fotos zu Ihrer erstklassigen Positionierung und zu vermehrten Buchungen beigetragen haben: \u201eN\u00e4chstes Jahr, wenn wir die n\u00e4chsten Zimmer erneuern, buchen wir wieder die Frau Kaindl zum Fotografieren, denn wir k\u00f6nnen\u2019s uns nicht leisten, auf ihre Profi-Bilder zu verzichten.\u201c<\/p>\n<p>Gerne schicke ich Ihnen meine Preisliste und informiere Sie \u00fcber mein aktuelles Spezialangebot, das es Ihnen erm\u00f6glicht, ohne jedes Risiko auszutesten, ob Ihnen die Zusammenarbeit mit mir und ob Ihnen meine Fotos gefallen.<\/p>\n<p>[\/et_pb_accordion_item][et_pb_accordion_item title=&#8220;Was m\u00fcssen Sie wissen, bevor Sie unsere Hotelzimmer und Suiten fotografieren?&#8220; open_toggle_background_color=&#8220;RGBA(255,255,255,0)&#8220; closed_toggle_text_color=&#8220;#52576D&#8220; _builder_version=&#8220;4.16&#8243; _module_preset=&#8220;default&#8220; body_ul_font_size=&#8220;16px&#8220; body_ul_line_height=&#8220;1.9em&#8220; box_shadow_style=&#8220;preset1&#8243; global_colors_info=&#8220;{}&#8220; toggle_text_color=&#8220;#B99D5E&#8220; toggle_font=&#8220;|600||on|||||&#8220; toggle_line_height=&#8220;1.9em&#8220; closed_toggle_font=&#8220;|600||on|||||&#8220; closed_toggle_line_height=&#8220;1.9em&#8220; open=&#8220;off&#8220;]<\/p>\n<p>Ich bin ja nicht nur Fotografin, ich bin auch erfahren in Marketing und Positionierung.<\/p>\n<p>Deshalb fotografiere ich nicht nur sch\u00f6ne Bilder f\u00fcr Sie, sondern solche, die auch Ihre Zielgruppe \u00fcberzeugen, sich stimmig in das Designkonzept Ihres Hauses eingliedern und Sie dabei unterst\u00fctzen, Ihre Ziele zu erreichen.<\/p>\n<p>Nat\u00fcrlich schaue ich mir vor unserem Vorgespr\u00e4ch Ihre Website an, um ein Gef\u00fchl f\u00fcr Ihren Stil zu bekommen und mich vorab zu informieren.<\/p>\n<p>Optimal ist es, wenn Sie mir beim Vorgespr\u00e4ch etwas \u00fcber Ihre G\u00e4ste, deren Lebensstil und Vorlieben sagen k\u00f6nnen, und welche neue Zielgruppe Sie eventuell erreichen m\u00f6chten.<\/p>\n<p>Geben Sie mir Ihre Brosch\u00fcre mit, zeigen Sie mir Ihre Anzeigen, und wenn zum Beispiel die Teilnahme an einer Tourismus-Messe oder ein redaktioneller Bericht in einer Zeitschrift geplant ist, lassen Sie\u2019s mich wissen.<\/p>\n<p>Ihre Fotos sind ein sehr wichtiger Teil Ihres Marketings, und das denke ich mit, wenn ich f\u00fcr Sie fotografiere.<\/p>\n<p>[\/et_pb_accordion_item][et_pb_accordion_item title=&#8220;Die neuen Fotos lassen sich ja vielf\u00e4ltig nutzen, von Adventskalender \u00fcber Brosch\u00fcren und Drucke bis zu Zuckersticks &#8211; was ist da Ihr Service?&#8220; open_toggle_background_color=&#8220;RGBA(255,255,255,0)&#8220; closed_toggle_text_color=&#8220;#52576D&#8220; _builder_version=&#8220;4.16&#8243; _module_preset=&#8220;default&#8220; body_ul_font_size=&#8220;16px&#8220; body_ul_line_height=&#8220;1.9em&#8220; box_shadow_style=&#8220;preset1&#8243; global_colors_info=&#8220;{}&#8220; toggle_text_color=&#8220;#B99D5E&#8220; toggle_font=&#8220;|600||on|||||&#8220; toggle_line_height=&#8220;1.9em&#8220; closed_toggle_font=&#8220;|600||on|||||&#8220; closed_toggle_line_height=&#8220;1.9em&#8220; open=&#8220;off&#8220;]<\/p>\n<p>Wenn Sie Brosch\u00fcren, Rollups, Drucke auf Leinwand, eine Website, eine Landingpage f\u00fcr ein spezielles Angebot, einen Adventskalender oder sch\u00f6ne Give aways mit einem Ihrer neuen Fotos w\u00fcnschen, gestalte und produziere ich das gern f\u00fcr Sie \u2013<\/p>\n<p><a href=\"https:\/\/see-marketing.de\" target=\"_blank\" rel=\"noopener\">See-Marketing<\/a> hat \u00fcber zwanzig Jahre Erfahrung in Online und Print. Erfahrung, mit der Sie Ihre G\u00e4ste verzaubern und neue G\u00e4ste gewinnen k\u00f6nnen.<\/p>\n<p>[\/et_pb_accordion_item][et_pb_accordion_item title=&#8220;Was ist der n\u00e4chste Schritt?&#8220; open_toggle_background_color=&#8220;RGBA(255,255,255,0)&#8220; closed_toggle_text_color=&#8220;#52576D&#8220; _builder_version=&#8220;4.16&#8243; _module_preset=&#8220;default&#8220; body_ul_font_size=&#8220;16px&#8220; body_ul_line_height=&#8220;1.9em&#8220; box_shadow_style=&#8220;preset1&#8243; global_colors_info=&#8220;{}&#8220; toggle_text_color=&#8220;#B99D5E&#8220; toggle_font=&#8220;|600||on|||||&#8220; toggle_line_height=&#8220;1.9em&#8220; closed_toggle_font=&#8220;|600||on|||||&#8220; closed_toggle_line_height=&#8220;1.9em&#8220; open=&#8220;off&#8220;]<\/p>\n<p><a href=\"mailto:kaindl@see-marketing.de?subject=Kontaktieren%20Sie mich, ich bin an einem Fotoshooting interessiert!\">Mailen Sie mir.<\/a><br \/>Oder rufen Sie mich gleich an und besprechen Sie mit mir Ihre W\u00fcnsche.<\/p>\n<p>Starten Sie mit exzellenten Fotos in eine erfolgreiche neue Saison!<\/p>\n<p>[\/et_pb_accordion_item][\/et_pb_accordion][\/et_pb_column][\/et_pb_row][\/et_pb_section]<\/p>\n","protected":false},"excerpt":{"rendered":"<p>Antwortenauf Fragen, die Sie vielleicht zu meiner Arbeit haben Wir f\u00fchren am Telefon, besser noch direkt bei Ihnen vor Ort, ein ausf\u00fchrliches Vorgespr\u00e4ch. Wenn Sie spezielle W\u00fcnsche haben, lassen Sie\u2019s mich wissen! Beim Fotoshooting fotografiere ich normalerweise pro Zimmer oder Suite aus unterschiedlichen Perspektiven zwei Gesamtaufnahmen, eine stilvolle Detailaufnahme und das Bad. Das ist eine [&hellip;]<\/p>\n","protected":false},"author":7,"featured_media":5661,"parent":0,"menu_order":0,"comment_status":"closed","ping_status":"closed","template":"","meta":{"_et_pb_use_builder":"on","_et_pb_old_content":"","_et_gb_content_width":"","footnotes":""},"class_list":["post-1736","page","type-page","status-publish","has-post-thumbnail","hentry"],"yoast_head":"<!-- This site is optimized with the Yoast SEO plugin v27.1.1 - https:\/\/yoast.com\/product\/yoast-seo-wordpress\/ -->\n<title>So arbeite ich \/ Projektablauf | See-Marketing - Autoren-Coaching, Website-Erstellung, Portr\u00e4t-und Business-Fotografie, Workshops<\/title>\n<meta name=\"description\" content=\"Antworten auf Fragen, die Sie vielleicht zu meiner Arbeitsweise und zum Ablauf Ihres Fotoshootings haben\" \/>\n<meta name=\"robots\" content=\"index, follow, max-snippet:-1, max-image-preview:large, max-video-preview:-1\" \/>\n<link rel=\"canonical\" href=\"http:\/\/see-marketing.de\/kunde-prio\/so-arbeite-ich\/\" \/>\n<meta property=\"og:locale\" content=\"de_DE\" \/>\n<meta property=\"og:type\" content=\"article\" \/>\n<meta property=\"og:title\" content=\"So arbeite ich \/ Projektablauf | See-Marketing - Autoren-Coaching, Website-Erstellung, Portr\u00e4t-und Business-Fotografie, Workshops\" \/>\n<meta property=\"og:description\" content=\"Antworten auf Fragen, die Sie vielleicht zu meiner Arbeitsweise und zum Ablauf Ihres Fotoshootings haben\" \/>\n<meta property=\"og:url\" content=\"http:\/\/see-marketing.de\/kunde-prio\/so-arbeite-ich\/\" \/>\n<meta property=\"og:site_name\" content=\"See-Marketing - Autoren-Coaching, Website-Erstellung, Portr\u00e4t-und Business-Fotografie, Workshops\" \/>\n<meta property=\"article:publisher\" content=\"https:\/\/www.facebook.com\/marianne.kaindl\" \/>\n<meta property=\"article:modified_time\" content=\"2022-08-01T18:07:26+00:00\" \/>\n<meta property=\"og:image\" content=\"http:\/\/see-marketing.de\/kunde-prio\/wp-content\/uploads\/DSC_0137.jpg\" \/>\n\t<meta property=\"og:image:width\" content=\"1200\" \/>\n\t<meta property=\"og:image:height\" content=\"800\" \/>\n\t<meta property=\"og:image:type\" content=\"image\/jpeg\" \/>\n<meta name=\"twitter:card\" content=\"summary_large_image\" \/>\n<meta name=\"twitter:image\" content=\"https:\/\/see-marketing.de\/kunde-prio\/wp-content\/uploads\/DSC_0137.jpg\" \/>\n<meta name=\"twitter:label1\" content=\"Gesch\u00e4tzte Lesezeit\" \/>\n\t<meta name=\"twitter:data1\" content=\"5\u00a0Minuten\" \/>\n<script type=\"application\/ld+json\" class=\"yoast-schema-graph\">{\"@context\":\"https:\/\/schema.org\",\"@graph\":[{\"@type\":\"WebPage\",\"@id\":\"http:\/\/see-marketing.de\/kunde-prio\/so-arbeite-ich\/\",\"url\":\"http:\/\/see-marketing.de\/kunde-prio\/so-arbeite-ich\/\",\"name\":\"So arbeite ich \/ Projektablauf | See-Marketing - Autoren-Coaching, Website-Erstellung, Portr\u00e4t-und Business-Fotografie, Workshops\",\"isPartOf\":{\"@id\":\"https:\/\/see-marketing.de\/kunde-prio\/#website\"},\"primaryImageOfPage\":{\"@id\":\"http:\/\/see-marketing.de\/kunde-prio\/so-arbeite-ich\/#primaryimage\"},\"image\":{\"@id\":\"http:\/\/see-marketing.de\/kunde-prio\/so-arbeite-ich\/#primaryimage\"},\"thumbnailUrl\":\"https:\/\/see-marketing.de\/kunde-prio\/wp-content\/uploads\/DSC_0137.jpg\",\"datePublished\":\"2022-03-22T13:51:07+00:00\",\"dateModified\":\"2022-08-01T18:07:26+00:00\",\"description\":\"Antworten auf Fragen, die Sie vielleicht zu meiner Arbeitsweise und zum Ablauf Ihres Fotoshootings haben\",\"breadcrumb\":{\"@id\":\"http:\/\/see-marketing.de\/kunde-prio\/so-arbeite-ich\/#breadcrumb\"},\"inLanguage\":\"de\",\"potentialAction\":[{\"@type\":\"ReadAction\",\"target\":[\"http:\/\/see-marketing.de\/kunde-prio\/so-arbeite-ich\/\"]}]},{\"@type\":\"ImageObject\",\"inLanguage\":\"de\",\"@id\":\"http:\/\/see-marketing.de\/kunde-prio\/so-arbeite-ich\/#primaryimage\",\"url\":\"https:\/\/see-marketing.de\/kunde-prio\/wp-content\/uploads\/DSC_0137.jpg\",\"contentUrl\":\"https:\/\/see-marketing.de\/kunde-prio\/wp-content\/uploads\/DSC_0137.jpg\",\"width\":1200,\"height\":800,\"caption\":\"\"},{\"@type\":\"BreadcrumbList\",\"@id\":\"http:\/\/see-marketing.de\/kunde-prio\/so-arbeite-ich\/#breadcrumb\",\"itemListElement\":[{\"@type\":\"ListItem\",\"position\":1,\"name\":\"Startseite\",\"item\":\"https:\/\/see-marketing.de\/kunde-prio\/\"},{\"@type\":\"ListItem\",\"position\":2,\"name\":\"So arbeite ich \/ Projektablauf\"}]},{\"@type\":\"WebSite\",\"@id\":\"https:\/\/see-marketing.de\/kunde-prio\/#website\",\"url\":\"https:\/\/see-marketing.de\/kunde-prio\/\",\"name\":\"See-Marketing - Autoren-Coaching, Website-Erstellung, Portr\u00e4t-und Business-Fotografie, Workshops\",\"description\":\"Werbeagentur f\u00fcr Autorinnen und Autoren, Handwerk, Tourismus und Soloselbstst\u00e4ndige\",\"publisher\":{\"@id\":\"https:\/\/see-marketing.de\/kunde-prio\/#organization\"},\"potentialAction\":[{\"@type\":\"SearchAction\",\"target\":{\"@type\":\"EntryPoint\",\"urlTemplate\":\"https:\/\/see-marketing.de\/kunde-prio\/?s={search_term_string}\"},\"query-input\":{\"@type\":\"PropertyValueSpecification\",\"valueRequired\":true,\"valueName\":\"search_term_string\"}}],\"inLanguage\":\"de\"},{\"@type\":\"Organization\",\"@id\":\"https:\/\/see-marketing.de\/kunde-prio\/#organization\",\"name\":\"See-Marketing\",\"url\":\"https:\/\/see-marketing.de\/kunde-prio\/\",\"logo\":{\"@type\":\"ImageObject\",\"inLanguage\":\"de\",\"@id\":\"https:\/\/see-marketing.de\/kunde-prio\/#\/schema\/logo\/image\/\",\"url\":\"http:\/\/see-marketing.de\/kunde-prio\/wp-content\/uploads\/mk_seemarketing.png\",\"contentUrl\":\"http:\/\/see-marketing.de\/kunde-prio\/wp-content\/uploads\/mk_seemarketing.png\",\"width\":400,\"height\":100,\"caption\":\"See-Marketing\"},\"image\":{\"@id\":\"https:\/\/see-marketing.de\/kunde-prio\/#\/schema\/logo\/image\/\"},\"sameAs\":[\"https:\/\/www.facebook.com\/marianne.kaindl\"]}]}<\/script>\n<!-- \/ Yoast SEO plugin. -->","yoast_head_json":{"title":"So arbeite ich \/ Projektablauf | See-Marketing - Autoren-Coaching, Website-Erstellung, Portr\u00e4t-und Business-Fotografie, Workshops","description":"Antworten auf Fragen, die Sie vielleicht zu meiner Arbeitsweise und zum Ablauf Ihres Fotoshootings haben","robots":{"index":"index","follow":"follow","max-snippet":"max-snippet:-1","max-image-preview":"max-image-preview:large","max-video-preview":"max-video-preview:-1"},"canonical":"http:\/\/see-marketing.de\/kunde-prio\/so-arbeite-ich\/","og_locale":"de_DE","og_type":"article","og_title":"So arbeite ich \/ Projektablauf | See-Marketing - Autoren-Coaching, Website-Erstellung, Portr\u00e4t-und Business-Fotografie, Workshops","og_description":"Antworten auf Fragen, die Sie vielleicht zu meiner Arbeitsweise und zum Ablauf Ihres Fotoshootings haben","og_url":"http:\/\/see-marketing.de\/kunde-prio\/so-arbeite-ich\/","og_site_name":"See-Marketing - Autoren-Coaching, Website-Erstellung, Portr\u00e4t-und Business-Fotografie, Workshops","article_publisher":"https:\/\/www.facebook.com\/marianne.kaindl","article_modified_time":"2022-08-01T18:07:26+00:00","og_image":[{"width":1200,"height":800,"url":"http:\/\/see-marketing.de\/kunde-prio\/wp-content\/uploads\/DSC_0137.jpg","type":"image\/jpeg"}],"twitter_card":"summary_large_image","twitter_image":"https:\/\/see-marketing.de\/kunde-prio\/wp-content\/uploads\/DSC_0137.jpg","twitter_misc":{"Gesch\u00e4tzte Lesezeit":"5\u00a0Minuten"},"schema":{"@context":"https:\/\/schema.org","@graph":[{"@type":"WebPage","@id":"http:\/\/see-marketing.de\/kunde-prio\/so-arbeite-ich\/","url":"http:\/\/see-marketing.de\/kunde-prio\/so-arbeite-ich\/","name":"So arbeite ich \/ Projektablauf | See-Marketing - Autoren-Coaching, Website-Erstellung, Portr\u00e4t-und Business-Fotografie, Workshops","isPartOf":{"@id":"https:\/\/see-marketing.de\/kunde-prio\/#website"},"primaryImageOfPage":{"@id":"http:\/\/see-marketing.de\/kunde-prio\/so-arbeite-ich\/#primaryimage"},"image":{"@id":"http:\/\/see-marketing.de\/kunde-prio\/so-arbeite-ich\/#primaryimage"},"thumbnailUrl":"https:\/\/see-marketing.de\/kunde-prio\/wp-content\/uploads\/DSC_0137.jpg","datePublished":"2022-03-22T13:51:07+00:00","dateModified":"2022-08-01T18:07:26+00:00","description":"Antworten auf Fragen, die Sie vielleicht zu meiner Arbeitsweise und zum Ablauf Ihres Fotoshootings haben","breadcrumb":{"@id":"http:\/\/see-marketing.de\/kunde-prio\/so-arbeite-ich\/#breadcrumb"},"inLanguage":"de","potentialAction":[{"@type":"ReadAction","target":["http:\/\/see-marketing.de\/kunde-prio\/so-arbeite-ich\/"]}]},{"@type":"ImageObject","inLanguage":"de","@id":"http:\/\/see-marketing.de\/kunde-prio\/so-arbeite-ich\/#primaryimage","url":"https:\/\/see-marketing.de\/kunde-prio\/wp-content\/uploads\/DSC_0137.jpg","contentUrl":"https:\/\/see-marketing.de\/kunde-prio\/wp-content\/uploads\/DSC_0137.jpg","width":1200,"height":800,"caption":""},{"@type":"BreadcrumbList","@id":"http:\/\/see-marketing.de\/kunde-prio\/so-arbeite-ich\/#breadcrumb","itemListElement":[{"@type":"ListItem","position":1,"name":"Startseite","item":"https:\/\/see-marketing.de\/kunde-prio\/"},{"@type":"ListItem","position":2,"name":"So arbeite ich \/ Projektablauf"}]},{"@type":"WebSite","@id":"https:\/\/see-marketing.de\/kunde-prio\/#website","url":"https:\/\/see-marketing.de\/kunde-prio\/","name":"See-Marketing - Autoren-Coaching, Website-Erstellung, Portr\u00e4t-und Business-Fotografie, Workshops","description":"Werbeagentur f\u00fcr Autorinnen und Autoren, Handwerk, Tourismus und Soloselbstst\u00e4ndige","publisher":{"@id":"https:\/\/see-marketing.de\/kunde-prio\/#organization"},"potentialAction":[{"@type":"SearchAction","target":{"@type":"EntryPoint","urlTemplate":"https:\/\/see-marketing.de\/kunde-prio\/?s={search_term_string}"},"query-input":{"@type":"PropertyValueSpecification","valueRequired":true,"valueName":"search_term_string"}}],"inLanguage":"de"},{"@type":"Organization","@id":"https:\/\/see-marketing.de\/kunde-prio\/#organization","name":"See-Marketing","url":"https:\/\/see-marketing.de\/kunde-prio\/","logo":{"@type":"ImageObject","inLanguage":"de","@id":"https:\/\/see-marketing.de\/kunde-prio\/#\/schema\/logo\/image\/","url":"http:\/\/see-marketing.de\/kunde-prio\/wp-content\/uploads\/mk_seemarketing.png","contentUrl":"http:\/\/see-marketing.de\/kunde-prio\/wp-content\/uploads\/mk_seemarketing.png","width":400,"height":100,"caption":"See-Marketing"},"image":{"@id":"https:\/\/see-marketing.de\/kunde-prio\/#\/schema\/logo\/image\/"},"sameAs":["https:\/\/www.facebook.com\/marianne.kaindl"]}]}},"_links":{"self":[{"href":"https:\/\/see-marketing.de\/kunde-prio\/wp-json\/wp\/v2\/pages\/1736","targetHints":{"allow":["GET"]}}],"collection":[{"href":"https:\/\/see-marketing.de\/kunde-prio\/wp-json\/wp\/v2\/pages"}],"about":[{"href":"https:\/\/see-marketing.de\/kunde-prio\/wp-json\/wp\/v2\/types\/page"}],"author":[{"embeddable":true,"href":"https:\/\/see-marketing.de\/kunde-prio\/wp-json\/wp\/v2\/users\/7"}],"replies":[{"embeddable":true,"href":"https:\/\/see-marketing.de\/kunde-prio\/wp-json\/wp\/v2\/comments?post=1736"}],"version-history":[{"count":0,"href":"https:\/\/see-marketing.de\/kunde-prio\/wp-json\/wp\/v2\/pages\/1736\/revisions"}],"wp:featuredmedia":[{"embeddable":true,"href":"https:\/\/see-marketing.de\/kunde-prio\/wp-json\/wp\/v2\/media\/5661"}],"wp:attachment":[{"href":"https:\/\/see-marketing.de\/kunde-prio\/wp-json\/wp\/v2\/media?parent=1736"}],"curies":[{"name":"wp","href":"https:\/\/api.w.org\/{rel}","templated":true}]}}