{"id":6551,"date":"2022-05-28T12:28:23","date_gmt":"2022-05-28T12:28:23","guid":{"rendered":"http:\/\/see-marketing.de\/kunde-prio\/?page_id=6551"},"modified":"2022-08-01T18:04:14","modified_gmt":"2022-08-01T18:04:14","slug":"schwaene","status":"publish","type":"page","link":"http:\/\/see-marketing.de\/kunde-prio\/schwaene\/","title":{"rendered":"z_Bodensee-Impressionen: Schwanenkinder am Bodensee"},"content":{"rendered":"<p>[et_pb_section fb_built=&#8220;1&#8243; custom_padding_last_edited=&#8220;on|phone&#8220; _builder_version=&#8220;4.16&#8243; _module_preset=&#8220;default&#8220; background_color=&#8220;#232323&#8243; positioning=&#8220;fixed&#8220; z_index=&#8220;9999&#8243; position_origin_a_tablet=&#8220;&#8220; position_origin_a_phone=&#8220;&#8220; position_origin_a_last_edited=&#8220;on|desktop&#8220; position_origin_f_tablet=&#8220;&#8220; position_origin_f_phone=&#8220;&#8220; position_origin_f_last_edited=&#8220;on|desktop&#8220; position_origin_r_tablet=&#8220;&#8220; position_origin_r_phone=&#8220;&#8220; position_origin_r_last_edited=&#8220;on|desktop&#8220; width=&#8220;300px&#8220; width_tablet=&#8220;100%&#8220; width_phone=&#8220;100%&#8220; width_last_edited=&#8220;on|phone&#8220; height=&#8220;100vh&#8220; height_tablet=&#8220;35vh&#8220; height_phone=&#8220;50vh&#8220; height_last_edited=&#8220;on|tablet&#8220; custom_margin=&#8220;||||false|false&#8220; custom_margin_tablet=&#8220;&#8220; custom_margin_phone=&#8220;&#8220; custom_margin_last_edited=&#8220;on|phone&#8220; custom_padding=&#8220;4vh||0px||false|false&#8220; custom_padding_tablet=&#8220;0vh||||false|false&#8220; custom_padding_phone=&#8220;0vh||||false|false&#8220; positioning_tablet=&#8220;relative&#8220; positioning_phone=&#8220;relative&#8220; positioning_last_edited=&#8220;on|desktop&#8220; custom_css_main_element=&#8220;overflow: visible !important;||&#8220; border_color_bottom=&#8220;#FC7BD5&#8243; box_shadow_style=&#8220;preset1&#8243; box_shadow_vertical=&#8220;0px&#8220; box_shadow_blur=&#8220;20px&#8220; box_shadow_spread=&#8220;-10px&#8220; global_colors_info=&#8220;{}&#8220;][et_pb_row use_custom_gutter=&#8220;on&#8220; gutter_width=&#8220;1&#8243; custom_padding_last_edited=&#8220;on|phone&#8220; _builder_version=&#8220;4.16&#8243; _module_preset=&#8220;default&#8220; width=&#8220;100%&#8220; max_width=&#8220;80%&#8220; custom_padding=&#8220;3vh||3vh||true|false&#8220; custom_padding_tablet=&#8220;10px||10px||true|false&#8220; custom_padding_phone=&#8220;||||true|false&#8220; border_color_all=&#8220;#FBF5E9&#8243; border_color_bottom=&#8220;#09bc1b&#8220; global_colors_info=&#8220;{}&#8220;][et_pb_column type=&#8220;4_4&#8243; _builder_version=&#8220;4.16&#8243; _module_preset=&#8220;default&#8220; global_colors_info=&#8220;{}&#8220;][et_pb_image src=&#8220;http:\/\/see-marketing.de\/kunde-prio\/wp-content\/uploads\/mk_seemarketing_fuer-dunklen-hg-1.png&#8220; alt=&#8220;Logo Marianne Kaindl &#8211; See-Marketing&#8220; title_text=&#8220;mk_seemarketing_fuer-dunklen-hg&#8220; _builder_version=&#8220;4.16&#8243; _module_preset=&#8220;default&#8220; width_tablet=&#8220;300px&#8220; width_phone=&#8220;300px&#8220; width_last_edited=&#8220;on|desktop&#8220; module_alignment=&#8220;center&#8220; global_colors_info=&#8220;{}&#8220;][\/et_pb_image][et_pb_text _builder_version=&#8220;4.16&#8243; _module_preset=&#8220;default&#8220; text_font=&#8220;|||on|||||&#8220; text_text_color=&#8220;#B99D5E&#8220; text_font_size=&#8220;12px&#8220; text_orientation=&#8220;center&#8220; custom_padding=&#8220;15px||||false|false&#8220; text_font_size_tablet=&#8220;14px&#8220; text_font_size_phone=&#8220;14px&#8220; text_font_size_last_edited=&#8220;on|desktop&#8220; global_colors_info=&#8220;{}&#8220;]<\/p>\n<p>Hotel- und Tourismus-Fotografie<\/p>\n<p>[\/et_pb_text][et_pb_menu menu_id=&#8220;15&#8243; menu_style=&#8220;centered&#8220; active_link_color=&#8220;#b4a586&#8243; cart_icon_color=&#8220;#FBF5E9&#8243; search_icon_color=&#8220;#FBF5E9&#8243; menu_icon_color=&#8220;#B99D5E&#8220; admin_label=&#8220;Men\u00fc&#8220; module_class=&#8220;et-vert-menu&#8220; _builder_version=&#8220;4.16&#8243; _module_preset=&#8220;default&#8220; menu_font=&#8220;|||on|||||&#8220; menu_text_color=&#8220;#fbf5e9&#8243; menu_font_size=&#8220;12px&#8220; menu_line_height=&#8220;1.4em&#8220; background_color=&#8220;#232323&#8243; background_layout=&#8220;dark&#8220; custom_padding=&#8220;5vh||5vh||true|false&#8220; custom_padding_tablet=&#8220;10px||10px||true|false&#8220; custom_padding_phone=&#8220;10px||10px||false|false&#8220; custom_padding_last_edited=&#8220;on|phone&#8220; menu_font_size_tablet=&#8220;14px&#8220; menu_font_size_phone=&#8220;14px&#8220; menu_font_size_last_edited=&#8220;on|tablet&#8220; background_last_edited=&#8220;on|desktop&#8220; custom_css_menu_link=&#8220;width: 100%;||padding: 1vh 15px;||background: #232323;||border-bottom-style: solid;||border-width: 1px;||border-color: #434343;&#8220; custom_css_menu_logo=&#8220;margin-bottom: 20px;&#8220; global_colors_info=&#8220;{}&#8220; custom_css_menu_link_last_edited=&#8220;on|desktop&#8220; custom_css_menu_link_tablet=&#8220;width: auto;||border:none;&#8220; custom_css_menu_link_phone=&#8220;width: auto;||border:none;&#8220; custom_css_menu_logo_last_edited=&#8220;on|desktop&#8220; custom_css_menu_logo_tablet=&#8220;margin-bottom: 20px;&#8220; custom_css_menu_logo_phone=&#8220;margin-bottom: 20px;&#8220;][\/et_pb_menu][et_pb_code _builder_version=&#8220;4.16&#8243; _module_preset=&#8220;default&#8220; global_colors_info=&#8220;{}&#8220;]<\/p>\n<style><!-- [et_pb_line_break_holder] -->\/*Style Vertical Navigation Menu*\/ <!-- [et_pb_line_break_holder] -->.et-vert-menu .et_pb_menu__menu>nav>ul {<!-- [et_pb_line_break_holder] -->  flex-direction: column;<!-- [et_pb_line_break_holder] -->  margin-left: 0px !important;<!-- [et_pb_line_break_holder] -->  margin-right: 0px !important;<!-- [et_pb_line_break_holder] -->  width: 100%;<!-- [et_pb_line_break_holder] -->  }<!-- [et_pb_line_break_holder] -->.et-vert-menu .et_pb_menu__menu>nav>ul>li {<!-- [et_pb_line_break_holder] -->  margin: 5px 0 !important;<!-- [et_pb_line_break_holder] -->  }<!-- [et_pb_line_break_holder] -->.et-vert-menu .et_pb_menu__menu>nav>ul>li>ul li {<!-- [et_pb_line_break_holder] -->  display:block !important;<!-- [et_pb_line_break_holder] -->  padding: 0px !important;<!-- [et_pb_line_break_holder] -->  }<!-- [et_pb_line_break_holder] -->  .et-vert-menu .et_pb_menu__menu>nav>ul ul {<!-- [et_pb_line_break_holder] -->    padding: 0px !important;<!-- [et_pb_line_break_holder] -->    top: 0px !important;<!-- [et_pb_line_break_holder] -->  }<!-- [et_pb_line_break_holder] -->.et-vert-menu .et_pb_menu__menu>nav>ul>li>ul {<!-- [et_pb_line_break_holder] -->  left:calc(100% - 1px) !important;<!-- [et_pb_line_break_holder] -->  top:0px !important;<!-- [et_pb_line_break_holder] -->  }<!-- [et_pb_line_break_holder] -->.et-vert-menu .et-menu .menu-item-has-children>a:first-child:after {<!-- [et_pb_line_break_holder] -->  content: \"5\" !important; \/*change arrow icon for submenu*\/<!-- [et_pb_line_break_holder] -->  right: 20px !important;<!-- [et_pb_line_break_holder] -->  }<!-- [et_pb_line_break_holder] -->.et-vert-menu .nav li ul {<!-- [et_pb_line_break_holder] -->    left: calc(100% - 1px) !important; \/*align submenu to the right of menu link*\/<!-- [et_pb_line_break_holder] -->  }<!-- [et_pb_line_break_holder] -->@media all and (min-width: 981px) {<!-- [et_pb_line_break_holder] -->.et-vert-menu .et_pb_menu__menu, .et-vert-menu .et_pb_menu__menu>nav {<!-- [et_pb_line_break_holder] -->    width: 100%; height: auto;\/*width of the vertical navigation menu*\/<!-- [et_pb_line_break_holder] -->  }<!-- [et_pb_line_break_holder] -->\/*Adjust the width of the main content and footer area to make room for the fixed vertical header*\/ <!-- [et_pb_line_break_holder] -->#et-main-area { <!-- [et_pb_line_break_holder] -->  width: calc(100% - 300px); <!-- [et_pb_line_break_holder] -->  margin-left: 300px;<!-- [et_pb_line_break_holder] -->}<!-- [et_pb_line_break_holder] -->}<!-- [et_pb_line_break_holder] -->  <\/style>\n<p>[\/et_pb_code][\/et_pb_column][\/et_pb_row][et_pb_row use_custom_gutter=&#8220;on&#8220; gutter_width=&#8220;1&#8243; custom_padding_last_edited=&#8220;on|desktop&#8220; _builder_version=&#8220;4.16&#8243; _module_preset=&#8220;default&#8220; custom_padding=&#8220;0vh||||false|false&#8220; custom_padding_tablet=&#8220;10px||||false|false&#8220; custom_padding_phone=&#8220;10px||||false|false&#8220; global_colors_info=&#8220;{}&#8220;][et_pb_column type=&#8220;4_4&#8243; _builder_version=&#8220;4.16&#8243; _module_preset=&#8220;default&#8220; global_colors_info=&#8220;{}&#8220;][et_pb_social_media_follow icon_color=&#8220;#FBF5E9&#8243; disabled_on=&#8220;off|off|off&#8220; _builder_version=&#8220;4.16&#8243; _module_preset=&#8220;default&#8220; text_orientation=&#8220;center&#8220; custom_padding=&#8220;10px||||false|false&#8220; custom_padding_tablet=&#8220;10px||||false|false&#8220; custom_padding_phone=&#8220;||||false|false&#8220; custom_padding_last_edited=&#8220;on|phone&#8220; global_colors_info=&#8220;{}&#8220;][et_pb_social_media_follow_network social_network=&#8220;facebook&#8220; url=&#8220;https:\/\/www.facebook.com\/marianne.kaindl\/&#8220; _builder_version=&#8220;4.16&#8243; _module_preset=&#8220;default&#8220; background_enable_color=&#8220;off&#8220; global_colors_info=&#8220;{}&#8220; follow_button=&#8220;off&#8220; url_new_window=&#8220;on&#8220;]facebook[\/et_pb_social_media_follow_network][et_pb_social_media_follow_network social_network=&#8220;instagram&#8220; url=&#8220;https:\/\/www.instagram.com\/mariannekaindl\/&#8220; _builder_version=&#8220;4.16&#8243; _module_preset=&#8220;default&#8220; background_enable_color=&#8220;off&#8220; global_colors_info=&#8220;{}&#8220; follow_button=&#8220;off&#8220; url_new_window=&#8220;on&#8220;]instagram[\/et_pb_social_media_follow_network][et_pb_social_media_follow_network social_network=&#8220;youtube&#8220; url=&#8220;https:\/\/www.youtube.com\/channel\/UC7pQk3gujQVp1CKinxaqMjw&#8220; _builder_version=&#8220;4.16&#8243; _module_preset=&#8220;default&#8220; background_enable_color=&#8220;off&#8220; global_colors_info=&#8220;{}&#8220; follow_button=&#8220;off&#8220; url_new_window=&#8220;on&#8220;]youtube[\/et_pb_social_media_follow_network][\/et_pb_social_media_follow][\/et_pb_column][\/et_pb_row][\/et_pb_section][et_pb_section fb_built=&#8220;1&#8243; _builder_version=&#8220;4.16&#8243; _module_preset=&#8220;default&#8220; background_color=&#8220;rgba(251,245,233,0.61)&#8220; custom_padding=&#8220;32px|||||&#8220; global_colors_info=&#8220;{}&#8220;][et_pb_row _builder_version=&#8220;4.16&#8243; _module_preset=&#8220;default&#8220; custom_padding=&#8220;0px|||||&#8220; global_colors_info=&#8220;{}&#8220;][et_pb_column type=&#8220;4_4&#8243; _builder_version=&#8220;4.16&#8243; _module_preset=&#8220;default&#8220; global_colors_info=&#8220;{}&#8220;][et_pb_text _builder_version=&#8220;4.17.4&#8243; _module_preset=&#8220;default&#8220; header_font=&#8220;|||on|||||&#8220; header_text_align=&#8220;left&#8220; header_font_size=&#8220;36px&#8220; header_letter_spacing=&#8220;1px&#8220; header_line_height=&#8220;2em&#8220; header_font_size_tablet=&#8220;24px&#8220; header_font_size_phone=&#8220;18px&#8220; header_font_size_last_edited=&#8220;on|phone&#8220; global_colors_info=&#8220;{}&#8220;]<\/p>\n<h1>Fotogalerie: Schwanenkinder am Bodensee<\/h1>\n<p>[\/et_pb_text][et_pb_gallery gallery_ids=&#8220;6664,6553,6546,6554,6552,6663&#8243; gallery_orderby=&#8220;rand&#8220; fullwidth=&#8220;on&#8220; dbdb_version=&#8220;3.9.2&#8243; disabled_on=&#8220;on|off|off&#8220; _builder_version=&#8220;4.17.4&#8243; _module_preset=&#8220;default&#8220; auto=&#8220;on&#8220; auto_speed=&#8220;3000&#8243; global_colors_info=&#8220;{}&#8220;][\/et_pb_gallery][et_pb_text _builder_version=&#8220;4.17.4&#8243; _module_preset=&#8220;default&#8220; global_colors_info=&#8220;{}&#8220;]<\/p>\n<p>Die eine Schwanenfamilie: Kurz vor Ostern lagen die ersten Eier im Nest. Ende Mai sind die Schwanenkinder geschl\u00fcpft.<\/p>\n<p>Und die zweite &#8211; die h\u00e4tte fast kein Happy End erlebt. Denn das Wasser des Bodensees stieg, und das Nest in Hagnau war kurz davor, weggeschwemmt zu werden. Eine tatkr\u00e4ftige und schwanen-kompetente Frau baute kurzentschlossen an einer sicheren Stelle zwei Meter vom Nest entfernt f\u00fcr die kleine Familie ein neues Nest. Sie stand bis zu den Waden im Wasser, als sie dann vorsichtig die Eier umsiedelte.<\/p>\n<p>W\u00fcrden die Schw\u00e4ne den neuen Platz akzeptieren? Ja, sie taten es. Und am 27. Juni in der Fr\u00fch schl\u00fcpfte das erste K\u00fcken. Als w\u00e4r&#8217;s Absicht, half die Schwanenmutter ihrem Baby aus dem Ei, gerade zu dem Zeitpunkt, als die menschliche Retterin ihren Morgenspaziergang machte und von der Br\u00fccke aus zuschauen konnte.<\/p>\n<p>[\/et_pb_text][et_pb_divider _builder_version=&#8220;4.17.4&#8243; _module_preset=&#8220;default&#8220; global_colors_info=&#8220;{}&#8220;][\/et_pb_divider][et_pb_text _builder_version=&#8220;4.17.4&#8243; _module_preset=&#8220;default&#8220; global_colors_info=&#8220;{}&#8220;]<\/p>\n<p>Sie m\u00f6chten eins oder mehrere der Bilder f\u00fcr Ihre Hotelzimmer, Ihre Arztpraxis oder f\u00fcr Ihr Kinderzimmer? Ich biete sie in unterschiedlichen Gr\u00f6\u00dfen und in den verschiedensten Materialien an: als Poster, auf Leinwand, auf Acryl. Kontaktieren Sie mich per <a href=\"mailto:kaindl@see-marketing.de?subject=Schwanenkinder\">Mail<\/a> oder Telefon (07532 44 64 04) und besprechen Sie mit mir Ihre W\u00fcnsche.<\/p>\n<p>[\/et_pb_text][et_pb_code _builder_version=&#8220;4.17.4&#8243; _module_preset=&#8220;default&#8220; global_colors_info=&#8220;{}&#8220;][justified_image_grid gallery=6558][\/et_pb_code][et_pb_divider _builder_version=&#8220;4.16&#8243; _module_preset=&#8220;default&#8220; global_colors_info=&#8220;{}&#8220;][\/et_pb_divider][et_pb_text _builder_version=&#8220;4.17.4&#8243; _module_preset=&#8220;default&#8220; header_font=&#8220;|||on|||||&#8220; header_text_align=&#8220;left&#8220; header_font_size=&#8220;36px&#8220; header_letter_spacing=&#8220;1px&#8220; header_line_height=&#8220;2em&#8220; header_font_size_tablet=&#8220;24px&#8220; header_font_size_phone=&#8220;18px&#8220; header_font_size_last_edited=&#8220;on|phone&#8220; global_colors_info=&#8220;{}&#8220;]<\/p>\n<p><a href=\"http:\/\/see-marketing.de\/kunde-prio\/bodensee-impressionen\/\">Foto-Galerie &#8222;Bodensee-Impressionen&#8220;<\/a><\/p>\n<p>[\/et_pb_text][\/et_pb_column][\/et_pb_row][et_pb_row _builder_version=&#8220;4.16&#8243; _module_preset=&#8220;default&#8220; custom_padding=&#8220;100px|||||&#8220; global_colors_info=&#8220;{}&#8220;][et_pb_column type=&#8220;4_4&#8243; _builder_version=&#8220;4.16&#8243; _module_preset=&#8220;default&#8220; global_colors_info=&#8220;{}&#8220;][et_pb_button button_url=&#8220;http:\/\/see-marketing.de\/kunde-prio\/ueberblick-ueber-die-foto-galerien-dieser-website\/&#8220; button_text=&#8220;zur Galerien-\u00dcbersicht&#8220; button_alignment=&#8220;center&#8220; _builder_version=&#8220;4.16&#8243; _module_preset=&#8220;bd80ac75-c9b8-4736-af98-26b1dc258cc0&#8243; custom_button=&#8220;on&#8220; button_text_size=&#8220;14px&#8220; button_text_color=&#8220;#FFFFFF&#8220; button_bg_color=&#8220;#515845&#8243; button_border_width=&#8220;0px&#8220; button_border_radius=&#8220;0px&#8220; button_letter_spacing=&#8220;3px&#8220; button_font=&#8220;|700||on|||||&#8220; background_layout=&#8220;dark&#8220; custom_padding=&#8220;16px|32px|16px|32px|true|true&#8220; global_colors_info=&#8220;{}&#8220; button_bg_color__hover=&#8220;#000000&#8243; button_bg_color__hover_enabled=&#8220;on|desktop&#8220; button_text_color__hover=&#8220;#D6B170&#8243; button_text_color__hover_enabled=&#8220;on|desktop&#8220; button_bg_enable_color__hover=&#8220;on&#8220;][\/et_pb_button][\/et_pb_column][\/et_pb_row][\/et_pb_section]<\/p>\n","protected":false},"excerpt":{"rendered":"<p>Hotel- und Tourismus-FotografieFotogalerie: Schwanenkinder am BodenseeDie eine Schwanenfamilie: Kurz vor Ostern lagen die ersten Eier im Nest. Ende Mai sind die Schwanenkinder geschl\u00fcpft. Und die zweite &#8211; die h\u00e4tte fast kein Happy End erlebt. Denn das Wasser des Bodensees stieg, und das Nest in Hagnau war kurz davor, weggeschwemmt zu werden. Eine tatkr\u00e4ftige und schwanen-kompetente [&hellip;]<\/p>\n","protected":false},"author":7,"featured_media":0,"parent":0,"menu_order":0,"comment_status":"closed","ping_status":"closed","template":"","meta":{"_et_pb_use_builder":"on","_et_pb_old_content":"","_et_gb_content_width":"","footnotes":""},"class_list":["post-6551","page","type-page","status-publish","hentry"],"yoast_head":"<!-- This site is optimized with the Yoast SEO plugin v27.1.1 - https:\/\/yoast.com\/product\/yoast-seo-wordpress\/ -->\n<title>z_Bodensee-Impressionen: Schwanenkinder am Bodensee | See-Marketing - Autoren-Coaching, Website-Erstellung, Portr\u00e4t-und Business-Fotografie, Workshops<\/title>\n<meta name=\"description\" content=\"Freuen Sie sich \u00fcber s\u00fc\u00dfe Fotos von Schwanenkindern. W\u00e4re das nichts f\u00fcr Ihre Wohnung oder Ihre Hotelzimmer? Sie k\u00f6nnen bei mir die Bilder auf Leinwand erhalten.\" \/>\n<meta name=\"robots\" content=\"index, follow, max-snippet:-1, max-image-preview:large, max-video-preview:-1\" \/>\n<link rel=\"canonical\" href=\"http:\/\/see-marketing.de\/kunde-prio\/schwaene\/\" \/>\n<meta property=\"og:locale\" content=\"de_DE\" \/>\n<meta property=\"og:type\" content=\"article\" \/>\n<meta property=\"og:title\" content=\"z_Bodensee-Impressionen: Schwanenkinder am Bodensee | See-Marketing - Autoren-Coaching, Website-Erstellung, Portr\u00e4t-und Business-Fotografie, Workshops\" \/>\n<meta property=\"og:description\" content=\"Freuen Sie sich \u00fcber s\u00fc\u00dfe Fotos von Schwanenkindern. W\u00e4re das nichts f\u00fcr Ihre Wohnung oder Ihre Hotelzimmer? Sie k\u00f6nnen bei mir die Bilder auf Leinwand erhalten.\" \/>\n<meta property=\"og:url\" content=\"http:\/\/see-marketing.de\/kunde-prio\/schwaene\/\" \/>\n<meta property=\"og:site_name\" content=\"See-Marketing - Autoren-Coaching, Website-Erstellung, Portr\u00e4t-und Business-Fotografie, Workshops\" \/>\n<meta property=\"article:publisher\" content=\"https:\/\/www.facebook.com\/marianne.kaindl\" \/>\n<meta property=\"article:modified_time\" content=\"2022-08-01T18:04:14+00:00\" \/>\n<meta name=\"twitter:card\" content=\"summary_large_image\" \/>\n<meta name=\"twitter:label1\" content=\"Gesch\u00e4tzte Lesezeit\" \/>\n\t<meta name=\"twitter:data1\" content=\"4\u00a0Minuten\" \/>\n<script type=\"application\/ld+json\" class=\"yoast-schema-graph\">{\"@context\":\"https:\/\/schema.org\",\"@graph\":[{\"@type\":\"WebPage\",\"@id\":\"http:\/\/see-marketing.de\/kunde-prio\/schwaene\/\",\"url\":\"http:\/\/see-marketing.de\/kunde-prio\/schwaene\/\",\"name\":\"z_Bodensee-Impressionen: Schwanenkinder am Bodensee | See-Marketing - Autoren-Coaching, Website-Erstellung, Portr\u00e4t-und Business-Fotografie, Workshops\",\"isPartOf\":{\"@id\":\"https:\/\/see-marketing.de\/kunde-prio\/#website\"},\"datePublished\":\"2022-05-28T12:28:23+00:00\",\"dateModified\":\"2022-08-01T18:04:14+00:00\",\"description\":\"Freuen Sie sich \u00fcber s\u00fc\u00dfe Fotos von Schwanenkindern. W\u00e4re das nichts f\u00fcr Ihre Wohnung oder Ihre Hotelzimmer? Sie k\u00f6nnen bei mir die Bilder auf Leinwand erhalten.\",\"breadcrumb\":{\"@id\":\"http:\/\/see-marketing.de\/kunde-prio\/schwaene\/#breadcrumb\"},\"inLanguage\":\"de\",\"potentialAction\":[{\"@type\":\"ReadAction\",\"target\":[\"http:\/\/see-marketing.de\/kunde-prio\/schwaene\/\"]}]},{\"@type\":\"BreadcrumbList\",\"@id\":\"http:\/\/see-marketing.de\/kunde-prio\/schwaene\/#breadcrumb\",\"itemListElement\":[{\"@type\":\"ListItem\",\"position\":1,\"name\":\"Startseite\",\"item\":\"https:\/\/see-marketing.de\/kunde-prio\/\"},{\"@type\":\"ListItem\",\"position\":2,\"name\":\"z_Bodensee-Impressionen: Schwanenkinder am Bodensee\"}]},{\"@type\":\"WebSite\",\"@id\":\"https:\/\/see-marketing.de\/kunde-prio\/#website\",\"url\":\"https:\/\/see-marketing.de\/kunde-prio\/\",\"name\":\"See-Marketing - Autoren-Coaching, Website-Erstellung, Portr\u00e4t-und Business-Fotografie, Workshops\",\"description\":\"Werbeagentur f\u00fcr Autorinnen und Autoren, Handwerk, Tourismus und Soloselbstst\u00e4ndige\",\"publisher\":{\"@id\":\"https:\/\/see-marketing.de\/kunde-prio\/#organization\"},\"potentialAction\":[{\"@type\":\"SearchAction\",\"target\":{\"@type\":\"EntryPoint\",\"urlTemplate\":\"https:\/\/see-marketing.de\/kunde-prio\/?s={search_term_string}\"},\"query-input\":{\"@type\":\"PropertyValueSpecification\",\"valueRequired\":true,\"valueName\":\"search_term_string\"}}],\"inLanguage\":\"de\"},{\"@type\":\"Organization\",\"@id\":\"https:\/\/see-marketing.de\/kunde-prio\/#organization\",\"name\":\"See-Marketing\",\"url\":\"https:\/\/see-marketing.de\/kunde-prio\/\",\"logo\":{\"@type\":\"ImageObject\",\"inLanguage\":\"de\",\"@id\":\"https:\/\/see-marketing.de\/kunde-prio\/#\/schema\/logo\/image\/\",\"url\":\"http:\/\/see-marketing.de\/kunde-prio\/wp-content\/uploads\/mk_seemarketing.png\",\"contentUrl\":\"http:\/\/see-marketing.de\/kunde-prio\/wp-content\/uploads\/mk_seemarketing.png\",\"width\":400,\"height\":100,\"caption\":\"See-Marketing\"},\"image\":{\"@id\":\"https:\/\/see-marketing.de\/kunde-prio\/#\/schema\/logo\/image\/\"},\"sameAs\":[\"https:\/\/www.facebook.com\/marianne.kaindl\"]}]}<\/script>\n<!-- \/ Yoast SEO plugin. -->","yoast_head_json":{"title":"z_Bodensee-Impressionen: Schwanenkinder am Bodensee | See-Marketing - Autoren-Coaching, Website-Erstellung, Portr\u00e4t-und Business-Fotografie, Workshops","description":"Freuen Sie sich \u00fcber s\u00fc\u00dfe Fotos von Schwanenkindern. W\u00e4re das nichts f\u00fcr Ihre Wohnung oder Ihre Hotelzimmer? Sie k\u00f6nnen bei mir die Bilder auf Leinwand erhalten.","robots":{"index":"index","follow":"follow","max-snippet":"max-snippet:-1","max-image-preview":"max-image-preview:large","max-video-preview":"max-video-preview:-1"},"canonical":"http:\/\/see-marketing.de\/kunde-prio\/schwaene\/","og_locale":"de_DE","og_type":"article","og_title":"z_Bodensee-Impressionen: Schwanenkinder am Bodensee | See-Marketing - Autoren-Coaching, Website-Erstellung, Portr\u00e4t-und Business-Fotografie, Workshops","og_description":"Freuen Sie sich \u00fcber s\u00fc\u00dfe Fotos von Schwanenkindern. W\u00e4re das nichts f\u00fcr Ihre Wohnung oder Ihre Hotelzimmer? Sie k\u00f6nnen bei mir die Bilder auf Leinwand erhalten.","og_url":"http:\/\/see-marketing.de\/kunde-prio\/schwaene\/","og_site_name":"See-Marketing - Autoren-Coaching, Website-Erstellung, Portr\u00e4t-und Business-Fotografie, Workshops","article_publisher":"https:\/\/www.facebook.com\/marianne.kaindl","article_modified_time":"2022-08-01T18:04:14+00:00","twitter_card":"summary_large_image","twitter_misc":{"Gesch\u00e4tzte Lesezeit":"4\u00a0Minuten"},"schema":{"@context":"https:\/\/schema.org","@graph":[{"@type":"WebPage","@id":"http:\/\/see-marketing.de\/kunde-prio\/schwaene\/","url":"http:\/\/see-marketing.de\/kunde-prio\/schwaene\/","name":"z_Bodensee-Impressionen: Schwanenkinder am Bodensee | See-Marketing - Autoren-Coaching, Website-Erstellung, Portr\u00e4t-und Business-Fotografie, Workshops","isPartOf":{"@id":"https:\/\/see-marketing.de\/kunde-prio\/#website"},"datePublished":"2022-05-28T12:28:23+00:00","dateModified":"2022-08-01T18:04:14+00:00","description":"Freuen Sie sich \u00fcber s\u00fc\u00dfe Fotos von Schwanenkindern. W\u00e4re das nichts f\u00fcr Ihre Wohnung oder Ihre Hotelzimmer? Sie k\u00f6nnen bei mir die Bilder auf Leinwand erhalten.","breadcrumb":{"@id":"http:\/\/see-marketing.de\/kunde-prio\/schwaene\/#breadcrumb"},"inLanguage":"de","potentialAction":[{"@type":"ReadAction","target":["http:\/\/see-marketing.de\/kunde-prio\/schwaene\/"]}]},{"@type":"BreadcrumbList","@id":"http:\/\/see-marketing.de\/kunde-prio\/schwaene\/#breadcrumb","itemListElement":[{"@type":"ListItem","position":1,"name":"Startseite","item":"https:\/\/see-marketing.de\/kunde-prio\/"},{"@type":"ListItem","position":2,"name":"z_Bodensee-Impressionen: Schwanenkinder am Bodensee"}]},{"@type":"WebSite","@id":"https:\/\/see-marketing.de\/kunde-prio\/#website","url":"https:\/\/see-marketing.de\/kunde-prio\/","name":"See-Marketing - Autoren-Coaching, Website-Erstellung, Portr\u00e4t-und Business-Fotografie, Workshops","description":"Werbeagentur f\u00fcr Autorinnen und Autoren, Handwerk, Tourismus und Soloselbstst\u00e4ndige","publisher":{"@id":"https:\/\/see-marketing.de\/kunde-prio\/#organization"},"potentialAction":[{"@type":"SearchAction","target":{"@type":"EntryPoint","urlTemplate":"https:\/\/see-marketing.de\/kunde-prio\/?s={search_term_string}"},"query-input":{"@type":"PropertyValueSpecification","valueRequired":true,"valueName":"search_term_string"}}],"inLanguage":"de"},{"@type":"Organization","@id":"https:\/\/see-marketing.de\/kunde-prio\/#organization","name":"See-Marketing","url":"https:\/\/see-marketing.de\/kunde-prio\/","logo":{"@type":"ImageObject","inLanguage":"de","@id":"https:\/\/see-marketing.de\/kunde-prio\/#\/schema\/logo\/image\/","url":"http:\/\/see-marketing.de\/kunde-prio\/wp-content\/uploads\/mk_seemarketing.png","contentUrl":"http:\/\/see-marketing.de\/kunde-prio\/wp-content\/uploads\/mk_seemarketing.png","width":400,"height":100,"caption":"See-Marketing"},"image":{"@id":"https:\/\/see-marketing.de\/kunde-prio\/#\/schema\/logo\/image\/"},"sameAs":["https:\/\/www.facebook.com\/marianne.kaindl"]}]}},"_links":{"self":[{"href":"http:\/\/see-marketing.de\/kunde-prio\/wp-json\/wp\/v2\/pages\/6551","targetHints":{"allow":["GET"]}}],"collection":[{"href":"http:\/\/see-marketing.de\/kunde-prio\/wp-json\/wp\/v2\/pages"}],"about":[{"href":"http:\/\/see-marketing.de\/kunde-prio\/wp-json\/wp\/v2\/types\/page"}],"author":[{"embeddable":true,"href":"http:\/\/see-marketing.de\/kunde-prio\/wp-json\/wp\/v2\/users\/7"}],"replies":[{"embeddable":true,"href":"http:\/\/see-marketing.de\/kunde-prio\/wp-json\/wp\/v2\/comments?post=6551"}],"version-history":[{"count":0,"href":"http:\/\/see-marketing.de\/kunde-prio\/wp-json\/wp\/v2\/pages\/6551\/revisions"}],"wp:attachment":[{"href":"http:\/\/see-marketing.de\/kunde-prio\/wp-json\/wp\/v2\/media?parent=6551"}],"curies":[{"name":"wp","href":"https:\/\/api.w.org\/{rel}","templated":true}]}}