{"id":6150,"date":"2022-03-08T18:20:29","date_gmt":"2022-03-08T18:20:29","guid":{"rendered":"http:\/\/see-marketing.de\/kunde-prio\/?page_id=6150"},"modified":"2022-08-01T18:05:55","modified_gmt":"2022-08-01T18:05:55","slug":"fotoshooting-im-schloss","status":"publish","type":"page","link":"http:\/\/see-marketing.de\/kunde-prio\/fotoshooting-im-schloss\/","title":{"rendered":"z_Fotogalerie: Fotoshooting im Schloss &#8211; Rosa Maria Roller"},"content":{"rendered":"<p>[et_pb_section fb_built=&#8220;1&#8243; _builder_version=&#8220;4.16&#8243; _module_preset=&#8220;default&#8220; background_color=&#8220;rgba(251,245,233,0.61)&#8220; custom_padding=&#8220;32px|||||&#8220; global_colors_info=&#8220;{}&#8220;][et_pb_row _builder_version=&#8220;4.16&#8243; _module_preset=&#8220;default&#8220; custom_padding=&#8220;0px|||||&#8220; global_colors_info=&#8220;{}&#8220;][et_pb_column type=&#8220;4_4&#8243; _builder_version=&#8220;4.16&#8243; _module_preset=&#8220;default&#8220; global_colors_info=&#8220;{}&#8220;][et_pb_text _builder_version=&#8220;4.16&#8243; _module_preset=&#8220;default&#8220; ul_font_size=&#8220;16px&#8220; ul_line_height=&#8220;1.9em&#8220; header_font=&#8220;|||on|||||&#8220; header_text_align=&#8220;left&#8220; header_font_size=&#8220;36px&#8220; header_letter_spacing=&#8220;1px&#8220; header_line_height=&#8220;2em&#8220; header_font_size_tablet=&#8220;24px&#8220; header_font_size_phone=&#8220;18px&#8220; header_font_size_last_edited=&#8220;on|phone&#8220; global_colors_info=&#8220;{}&#8220;]<\/p>\n<h1>Fotoshooting im Schloss am Bodensee<\/h1>\n<p>Am Tor von Schloss Kirchberg holten sie mich ab. Meine Kundin Rosa Maria Roller und ihr Mann sind vor kurzem Schlossbewohner geworden, direkt am See, in einer traumhaft-sch\u00f6nen Lage, und hier wollte sie sich von mir fotografieren lassen.<\/p>\n<p>[\/et_pb_text][et_pb_gallery gallery_ids=&#8220;6163,6164,6161,6160,6162&#8243; gallery_orderby=&#8220;rand&#8220; fullwidth=&#8220;on&#8220; dbdb_version=&#8220;3.9.2&#8243; disabled_on=&#8220;off|off|off&#8220; _builder_version=&#8220;4.16&#8243; _module_preset=&#8220;default&#8220; auto=&#8220;on&#8220; auto_speed=&#8220;3000&#8243; global_colors_info=&#8220;{}&#8220;][\/et_pb_gallery][et_pb_text _builder_version=&#8220;4.16&#8243; _module_preset=&#8220;default&#8220; ul_font_size=&#8220;16px&#8220; ul_line_height=&#8220;1.9em&#8220; header_font=&#8220;|||on|||||&#8220; header_text_align=&#8220;left&#8220; header_font_size=&#8220;36px&#8220; header_letter_spacing=&#8220;1px&#8220; header_line_height=&#8220;2em&#8220; custom_margin=&#8220;||64px|||&#8220; header_font_size_tablet=&#8220;24px&#8220; header_font_size_phone=&#8220;18px&#8220; header_font_size_last_edited=&#8220;on|phone&#8220; global_colors_info=&#8220;{}&#8220;]<\/p>\n<p>Betritt man den Schlosshof, ist man in einer anderen Welt angekommen. Der L\u00e4rm der Bundesstra\u00dfe dringt hier nicht ein. Gro\u00dfz\u00fcgige Geb\u00e4ude umschlie\u00dfen einen gro\u00dfz\u00fcgigen Platz. Zum See hin l\u00e4dt ein Rosengarten zu Mu\u00dfe und Entspannung ein. Selbst der Zugang zur Tiefgarage wirkt edel und elegant.<\/p>\n<p>F\u00fcr die Business-Fotos w\u00e4hlten wir als Kulissen eben diesen Schlosshof, den Rosengarten und dann die Terrasse und die Wohnung der Familie Roller, mit ihrem traumhaften Blick bis hin\u00fcber ans Schweizer Ufer.<\/p>\n<p>Frau Roller ist Coach. Sie liebt Klarheit und Struktur, sie liebt aber auch die barocke F\u00fclle der Bodenseekulturlandschaft. Sie ist feinf\u00fchlig, zugewandt und warmherzig, und ihr Gegen\u00fcber nimmt sie sensibel und achtsam wahr. Mit Herz, Empathie und Kompetenz begleitet sie ihre Klienten und Klientinnen.<\/p>\n<p>Das Wichtigste an Portr\u00e4tfotos: dass sie das Wesen des Menschen spiegeln, der fotografiert wird. Das gelingt mir, indem ich dem Kunden Ideen anbiete, die sein Wesen hervorheben (ich spreche hier bewusst nicht von Inszenierungen, es geht nicht um Inszenierung, es geht um Entfaltung). Und indem ich mich auf ihn einschwinge und eine Atmosph\u00e4re schaffe, die ihm entspricht.<\/p>\n<p>[\/et_pb_text][et_pb_code _builder_version=&#8220;4.16&#8243; _module_preset=&#8220;default&#8220; global_colors_info=&#8220;{}&#8220;][justified_image_grid gallery=6153][\/et_pb_code][et_pb_text _builder_version=&#8220;4.16&#8243; _module_preset=&#8220;default&#8220; custom_margin=&#8220;13px||63px|||&#8220; custom_padding=&#8220;25px|||||&#8220; global_colors_info=&#8220;{}&#8220;]<\/p>\n<div class=\"et_pb_module et_pb_text et_pb_text_0 et_pb_text_align_left et_pb_bg_layout_light et_had_animation\">\n<div class=\"et_pb_text_inner\">\n<p>\u201eHallo liebe Frau Kaindl, vielen lieben Dank f\u00fcr die sch\u00f6nen Fotos! Sie sind wirklich wundersch\u00f6n geworden. Ich bin ganz happy! Es hat mir sehr viel Freude gemacht, und gro\u00dfes Kompliment an Sie! Gro\u00dfartig, wie Sie ihre Kunst beherrschen!<\/p>\n<p>Ich kann Sie absolut weiterempfehlen!<br \/>Ich erfreue mich auch heute noch an den Bildern vom letzten Fotoshooting. Ganz lieben Dank und sehr gerne melde ich mich wieder bei Ihnen!\u201c<\/p>\n<p>Das schrieb mir Frau Roller, nachdem ich ihr Ihre neuen Fotos geschickt hatte.<br \/>Sehr, sehr gern. Es war mir eine Freude.<\/p>\n<\/div>\n<\/div>\n<p>[\/et_pb_text][et_pb_text _builder_version=&#8220;4.16&#8243; _module_preset=&#8220;default&#8220; header_3_font=&#8220;|||on|||||&#8220; header_3_text_color=&#8220;#285BBA&#8220; header_3_font_size=&#8220;18px&#8220; header_3_line_height=&#8220;1.4em&#8220; global_colors_info=&#8220;{}&#8220;]<\/p>\n<div class=\"et_pb_module et_pb_text et_pb_text_3  et_pb_text_align_left et_pb_bg_layout_light\">\n<div class=\"et_pb_text_inner\">\n<h3>Haben Sie Lust bekommen, sich ebenfalls von mir in der traumhaft sch\u00f6nen Landschaft des Bodensees fotografieren zu lassen?<\/h3>\n<p>Sehr gerne!<br \/>Kontaktieren Sie mich, dann machen wir einen Termin. Und wenn Sie es w\u00fcnschen, schlage ich ihnen wundersch\u00f6ne Locations am Bodensee vor, passend zu dem, wof\u00fcr Sie die Fotos verwenden m\u00f6chten.<\/p>\n<\/div>\n<\/div>\n<p>[\/et_pb_text][et_pb_text _builder_version=&#8220;4.16&#8243; _module_preset=&#8220;default&#8220; global_colors_info=&#8220;{}&#8220;]<\/p>\n<p>Website von Coach Rosa Maria Roller: <a href=\"https:\/\/www.heilpraxis-roller.de\/\" target=\"_blank\" rel=\"noopener\">https:\/\/www.heilpraxis-roller.de\/<\/a><\/p>\n<p>[\/et_pb_text][\/et_pb_column][\/et_pb_row][et_pb_row _builder_version=&#8220;4.16&#8243; _module_preset=&#8220;default&#8220; custom_padding=&#8220;100px|||||&#8220; global_colors_info=&#8220;{}&#8220;][et_pb_column type=&#8220;4_4&#8243; _builder_version=&#8220;4.16&#8243; _module_preset=&#8220;default&#8220; global_colors_info=&#8220;{}&#8220;][et_pb_button button_url=&#8220;http:\/\/see-marketing.de\/kunde-prio\/ueberblick-ueber-die-foto-galerien-dieser-website\/&#8220; button_text=&#8220;zur Galerien-\u00dcbersicht&#8220; button_alignment=&#8220;center&#8220; _builder_version=&#8220;4.16&#8243; _module_preset=&#8220;bd80ac75-c9b8-4736-af98-26b1dc258cc0&#8243; custom_button=&#8220;on&#8220; button_text_size=&#8220;14px&#8220; button_text_color=&#8220;#FFFFFF&#8220; button_bg_color=&#8220;#515845&#8243; button_border_width=&#8220;0px&#8220; button_border_radius=&#8220;0px&#8220; button_letter_spacing=&#8220;3px&#8220; button_font=&#8220;|700||on|||||&#8220; background_layout=&#8220;dark&#8220; custom_padding=&#8220;16px|32px|16px|32px|true|true&#8220; global_colors_info=&#8220;{}&#8220; button_bg_color__hover=&#8220;#000000&#8243; button_bg_color__hover_enabled=&#8220;on|desktop&#8220; button_text_color__hover=&#8220;#D6B170&#8243; button_text_color__hover_enabled=&#8220;on|desktop&#8220; button_bg_enable_color__hover=&#8220;on&#8220;][\/et_pb_button][\/et_pb_column][\/et_pb_row][\/et_pb_section]<\/p>\n","protected":false},"excerpt":{"rendered":"<p>Fotoshooting im Schloss am Bodensee Am Tor von Schloss Kirchberg holten sie mich ab. Meine Kundin Rosa Maria Roller und ihr Mann sind vor kurzem Schlossbewohner geworden, direkt am See, in einer traumhaft-sch\u00f6nen Lage, und hier wollte sie sich von mir fotografieren lassen.Betritt man den Schlosshof, ist man in einer anderen Welt angekommen. Der L\u00e4rm [&hellip;]<\/p>\n","protected":false},"author":7,"featured_media":0,"parent":0,"menu_order":0,"comment_status":"closed","ping_status":"closed","template":"","meta":{"_et_pb_use_builder":"on","_et_pb_old_content":"","_et_gb_content_width":"","footnotes":""},"class_list":["post-6150","page","type-page","status-publish","hentry"],"yoast_head":"<!-- This site is optimized with the Yoast SEO plugin v27.1.1 - https:\/\/yoast.com\/product\/yoast-seo-wordpress\/ -->\n<title>z_Fotogalerie: Fotoshooting im Schloss - Rosa Maria Roller | See-Marketing - Autoren-Coaching, Website-Erstellung, Portr\u00e4t-und Business-Fotografie, Workshops<\/title>\n<meta name=\"description\" content=\"Fotoshooting im Schloss: Rosa Maria Roller genie\u00dft Ihr Zuhause in Schloss Kirchberg am Bodensee. Sie bat mich zum Fotoshooting - hier sind die sch\u00f6nsten Bilder.\" \/>\n<meta name=\"robots\" content=\"index, follow, max-snippet:-1, max-image-preview:large, max-video-preview:-1\" \/>\n<link rel=\"canonical\" href=\"http:\/\/see-marketing.de\/kunde-prio\/fotoshooting-im-schloss\/\" \/>\n<meta property=\"og:locale\" content=\"de_DE\" \/>\n<meta property=\"og:type\" content=\"article\" \/>\n<meta property=\"og:title\" content=\"z_Fotogalerie: Fotoshooting im Schloss - Rosa Maria Roller | See-Marketing - Autoren-Coaching, Website-Erstellung, Portr\u00e4t-und Business-Fotografie, Workshops\" \/>\n<meta property=\"og:description\" content=\"Fotoshooting im Schloss: Rosa Maria Roller genie\u00dft Ihr Zuhause in Schloss Kirchberg am Bodensee. Sie bat mich zum Fotoshooting - hier sind die sch\u00f6nsten Bilder.\" \/>\n<meta property=\"og:url\" content=\"http:\/\/see-marketing.de\/kunde-prio\/fotoshooting-im-schloss\/\" \/>\n<meta property=\"og:site_name\" content=\"See-Marketing - Autoren-Coaching, Website-Erstellung, Portr\u00e4t-und Business-Fotografie, Workshops\" \/>\n<meta property=\"article:publisher\" content=\"https:\/\/www.facebook.com\/marianne.kaindl\" \/>\n<meta property=\"article:modified_time\" content=\"2022-08-01T18:05:55+00:00\" \/>\n<meta name=\"twitter:card\" content=\"summary_large_image\" \/>\n<meta name=\"twitter:label1\" content=\"Gesch\u00e4tzte Lesezeit\" \/>\n\t<meta name=\"twitter:data1\" content=\"3\u00a0Minuten\" \/>\n<script type=\"application\/ld+json\" class=\"yoast-schema-graph\">{\"@context\":\"https:\/\/schema.org\",\"@graph\":[{\"@type\":\"WebPage\",\"@id\":\"http:\/\/see-marketing.de\/kunde-prio\/fotoshooting-im-schloss\/\",\"url\":\"http:\/\/see-marketing.de\/kunde-prio\/fotoshooting-im-schloss\/\",\"name\":\"z_Fotogalerie: Fotoshooting im Schloss - Rosa Maria Roller | See-Marketing - Autoren-Coaching, Website-Erstellung, Portr\u00e4t-und Business-Fotografie, Workshops\",\"isPartOf\":{\"@id\":\"https:\/\/see-marketing.de\/kunde-prio\/#website\"},\"datePublished\":\"2022-03-08T18:20:29+00:00\",\"dateModified\":\"2022-08-01T18:05:55+00:00\",\"description\":\"Fotoshooting im Schloss: Rosa Maria Roller genie\u00dft Ihr Zuhause in Schloss Kirchberg am Bodensee. Sie bat mich zum Fotoshooting - hier sind die sch\u00f6nsten Bilder.\",\"breadcrumb\":{\"@id\":\"http:\/\/see-marketing.de\/kunde-prio\/fotoshooting-im-schloss\/#breadcrumb\"},\"inLanguage\":\"de\",\"potentialAction\":[{\"@type\":\"ReadAction\",\"target\":[\"http:\/\/see-marketing.de\/kunde-prio\/fotoshooting-im-schloss\/\"]}]},{\"@type\":\"BreadcrumbList\",\"@id\":\"http:\/\/see-marketing.de\/kunde-prio\/fotoshooting-im-schloss\/#breadcrumb\",\"itemListElement\":[{\"@type\":\"ListItem\",\"position\":1,\"name\":\"Startseite\",\"item\":\"https:\/\/see-marketing.de\/kunde-prio\/\"},{\"@type\":\"ListItem\",\"position\":2,\"name\":\"z_Fotogalerie: Fotoshooting im Schloss &#8211; Rosa Maria Roller\"}]},{\"@type\":\"WebSite\",\"@id\":\"https:\/\/see-marketing.de\/kunde-prio\/#website\",\"url\":\"https:\/\/see-marketing.de\/kunde-prio\/\",\"name\":\"See-Marketing - Autoren-Coaching, Website-Erstellung, Portr\u00e4t-und Business-Fotografie, Workshops\",\"description\":\"Werbeagentur f\u00fcr Autorinnen und Autoren, Handwerk, Tourismus und Soloselbstst\u00e4ndige\",\"publisher\":{\"@id\":\"https:\/\/see-marketing.de\/kunde-prio\/#organization\"},\"potentialAction\":[{\"@type\":\"SearchAction\",\"target\":{\"@type\":\"EntryPoint\",\"urlTemplate\":\"https:\/\/see-marketing.de\/kunde-prio\/?s={search_term_string}\"},\"query-input\":{\"@type\":\"PropertyValueSpecification\",\"valueRequired\":true,\"valueName\":\"search_term_string\"}}],\"inLanguage\":\"de\"},{\"@type\":\"Organization\",\"@id\":\"https:\/\/see-marketing.de\/kunde-prio\/#organization\",\"name\":\"See-Marketing\",\"url\":\"https:\/\/see-marketing.de\/kunde-prio\/\",\"logo\":{\"@type\":\"ImageObject\",\"inLanguage\":\"de\",\"@id\":\"https:\/\/see-marketing.de\/kunde-prio\/#\/schema\/logo\/image\/\",\"url\":\"http:\/\/see-marketing.de\/kunde-prio\/wp-content\/uploads\/mk_seemarketing.png\",\"contentUrl\":\"http:\/\/see-marketing.de\/kunde-prio\/wp-content\/uploads\/mk_seemarketing.png\",\"width\":400,\"height\":100,\"caption\":\"See-Marketing\"},\"image\":{\"@id\":\"https:\/\/see-marketing.de\/kunde-prio\/#\/schema\/logo\/image\/\"},\"sameAs\":[\"https:\/\/www.facebook.com\/marianne.kaindl\"]}]}<\/script>\n<!-- \/ Yoast SEO plugin. -->","yoast_head_json":{"title":"z_Fotogalerie: Fotoshooting im Schloss - Rosa Maria Roller | See-Marketing - Autoren-Coaching, Website-Erstellung, Portr\u00e4t-und Business-Fotografie, Workshops","description":"Fotoshooting im Schloss: Rosa Maria Roller genie\u00dft Ihr Zuhause in Schloss Kirchberg am Bodensee. Sie bat mich zum Fotoshooting - hier sind die sch\u00f6nsten Bilder.","robots":{"index":"index","follow":"follow","max-snippet":"max-snippet:-1","max-image-preview":"max-image-preview:large","max-video-preview":"max-video-preview:-1"},"canonical":"http:\/\/see-marketing.de\/kunde-prio\/fotoshooting-im-schloss\/","og_locale":"de_DE","og_type":"article","og_title":"z_Fotogalerie: Fotoshooting im Schloss - Rosa Maria Roller | See-Marketing - Autoren-Coaching, Website-Erstellung, Portr\u00e4t-und Business-Fotografie, Workshops","og_description":"Fotoshooting im Schloss: Rosa Maria Roller genie\u00dft Ihr Zuhause in Schloss Kirchberg am Bodensee. Sie bat mich zum Fotoshooting - hier sind die sch\u00f6nsten Bilder.","og_url":"http:\/\/see-marketing.de\/kunde-prio\/fotoshooting-im-schloss\/","og_site_name":"See-Marketing - Autoren-Coaching, Website-Erstellung, Portr\u00e4t-und Business-Fotografie, Workshops","article_publisher":"https:\/\/www.facebook.com\/marianne.kaindl","article_modified_time":"2022-08-01T18:05:55+00:00","twitter_card":"summary_large_image","twitter_misc":{"Gesch\u00e4tzte Lesezeit":"3\u00a0Minuten"},"schema":{"@context":"https:\/\/schema.org","@graph":[{"@type":"WebPage","@id":"http:\/\/see-marketing.de\/kunde-prio\/fotoshooting-im-schloss\/","url":"http:\/\/see-marketing.de\/kunde-prio\/fotoshooting-im-schloss\/","name":"z_Fotogalerie: Fotoshooting im Schloss - Rosa Maria Roller | See-Marketing - Autoren-Coaching, Website-Erstellung, Portr\u00e4t-und Business-Fotografie, Workshops","isPartOf":{"@id":"https:\/\/see-marketing.de\/kunde-prio\/#website"},"datePublished":"2022-03-08T18:20:29+00:00","dateModified":"2022-08-01T18:05:55+00:00","description":"Fotoshooting im Schloss: Rosa Maria Roller genie\u00dft Ihr Zuhause in Schloss Kirchberg am Bodensee. Sie bat mich zum Fotoshooting - hier sind die sch\u00f6nsten Bilder.","breadcrumb":{"@id":"http:\/\/see-marketing.de\/kunde-prio\/fotoshooting-im-schloss\/#breadcrumb"},"inLanguage":"de","potentialAction":[{"@type":"ReadAction","target":["http:\/\/see-marketing.de\/kunde-prio\/fotoshooting-im-schloss\/"]}]},{"@type":"BreadcrumbList","@id":"http:\/\/see-marketing.de\/kunde-prio\/fotoshooting-im-schloss\/#breadcrumb","itemListElement":[{"@type":"ListItem","position":1,"name":"Startseite","item":"https:\/\/see-marketing.de\/kunde-prio\/"},{"@type":"ListItem","position":2,"name":"z_Fotogalerie: Fotoshooting im Schloss &#8211; Rosa Maria Roller"}]},{"@type":"WebSite","@id":"https:\/\/see-marketing.de\/kunde-prio\/#website","url":"https:\/\/see-marketing.de\/kunde-prio\/","name":"See-Marketing - Autoren-Coaching, Website-Erstellung, Portr\u00e4t-und Business-Fotografie, Workshops","description":"Werbeagentur f\u00fcr Autorinnen und Autoren, Handwerk, Tourismus und Soloselbstst\u00e4ndige","publisher":{"@id":"https:\/\/see-marketing.de\/kunde-prio\/#organization"},"potentialAction":[{"@type":"SearchAction","target":{"@type":"EntryPoint","urlTemplate":"https:\/\/see-marketing.de\/kunde-prio\/?s={search_term_string}"},"query-input":{"@type":"PropertyValueSpecification","valueRequired":true,"valueName":"search_term_string"}}],"inLanguage":"de"},{"@type":"Organization","@id":"https:\/\/see-marketing.de\/kunde-prio\/#organization","name":"See-Marketing","url":"https:\/\/see-marketing.de\/kunde-prio\/","logo":{"@type":"ImageObject","inLanguage":"de","@id":"https:\/\/see-marketing.de\/kunde-prio\/#\/schema\/logo\/image\/","url":"http:\/\/see-marketing.de\/kunde-prio\/wp-content\/uploads\/mk_seemarketing.png","contentUrl":"http:\/\/see-marketing.de\/kunde-prio\/wp-content\/uploads\/mk_seemarketing.png","width":400,"height":100,"caption":"See-Marketing"},"image":{"@id":"https:\/\/see-marketing.de\/kunde-prio\/#\/schema\/logo\/image\/"},"sameAs":["https:\/\/www.facebook.com\/marianne.kaindl"]}]}},"_links":{"self":[{"href":"http:\/\/see-marketing.de\/kunde-prio\/wp-json\/wp\/v2\/pages\/6150","targetHints":{"allow":["GET"]}}],"collection":[{"href":"http:\/\/see-marketing.de\/kunde-prio\/wp-json\/wp\/v2\/pages"}],"about":[{"href":"http:\/\/see-marketing.de\/kunde-prio\/wp-json\/wp\/v2\/types\/page"}],"author":[{"embeddable":true,"href":"http:\/\/see-marketing.de\/kunde-prio\/wp-json\/wp\/v2\/users\/7"}],"replies":[{"embeddable":true,"href":"http:\/\/see-marketing.de\/kunde-prio\/wp-json\/wp\/v2\/comments?post=6150"}],"version-history":[{"count":0,"href":"http:\/\/see-marketing.de\/kunde-prio\/wp-json\/wp\/v2\/pages\/6150\/revisions"}],"wp:attachment":[{"href":"http:\/\/see-marketing.de\/kunde-prio\/wp-json\/wp\/v2\/media?parent=6150"}],"curies":[{"name":"wp","href":"https:\/\/api.w.org\/{rel}","templated":true}]}}