{"id":1865,"date":"2022-03-22T12:05:49","date_gmt":"2022-03-22T12:05:49","guid":{"rendered":"http:\/\/see-marketing.de\/kunde-prio\/?page_id=1865"},"modified":"2022-08-01T18:07:00","modified_gmt":"2022-08-01T18:07:00","slug":"interior-design-fotografie-shop-des-affenbergs-salem","status":"publish","type":"page","link":"http:\/\/see-marketing.de\/kunde-prio\/interior-design-fotografie-shop-des-affenbergs-salem\/","title":{"rendered":"z_Interior Design-Fotografie: Shop des Affenbergs Salem"},"content":{"rendered":"<p>[et_pb_section fb_built=&#8220;1&#8243; _builder_version=&#8220;4.15&#8243; _module_preset=&#8220;default&#8220; background_color=&#8220;rgba(251,245,233,0.61)&#8220; custom_padding=&#8220;32px|||||&#8220; global_colors_info=&#8220;{}&#8220;][et_pb_row _builder_version=&#8220;4.15&#8243; _module_preset=&#8220;default&#8220; custom_padding=&#8220;0px|||||&#8220; global_colors_info=&#8220;{}&#8220;][et_pb_column type=&#8220;4_4&#8243; _builder_version=&#8220;4.15&#8243; _module_preset=&#8220;default&#8220; global_colors_info=&#8220;{}&#8220;][et_pb_text _builder_version=&#8220;4.15&#8243; _module_preset=&#8220;default&#8220; header_font=&#8220;|||on|||||&#8220; header_text_align=&#8220;left&#8220; header_font_size=&#8220;36px&#8220; header_letter_spacing=&#8220;1px&#8220; header_line_height=&#8220;2em&#8220; header_font_size_tablet=&#8220;24px&#8220; header_font_size_phone=&#8220;18px&#8220; header_font_size_last_edited=&#8220;on|phone&#8220; global_colors_info=&#8220;{}&#8220;]<\/p>\n<h1>Fotogalerie: Der Shop des Affenbergs Salem<\/h1>\n<p>[\/et_pb_text][et_pb_gallery gallery_ids=&#8220;6016,6018,6017&#8243; gallery_orderby=&#8220;rand&#8220; fullwidth=&#8220;on&#8220; db_image_max_width=&#8220;100%&#8220; db_image_row_spacing=&#8220;0%&#8220; db_image_object_fit=&#8220;contain&#8220; dbdb_version=&#8220;3.8.0&#8243; disabled_on=&#8220;on|off|off&#8220; _builder_version=&#8220;4.15&#8243; _module_preset=&#8220;default&#8220; auto=&#8220;on&#8220; auto_speed=&#8220;3000&#8243; global_colors_info=&#8220;{}&#8220;][\/et_pb_gallery][et_pb_text _builder_version=&#8220;4.15.1&#8243; _module_preset=&#8220;default&#8220; global_colors_info=&#8220;{}&#8220;]<\/p>\n<p>Mein Kunde Maler F\u00fcrderer war stolz auf das tolle Ergebnis: Er hatte im Shop des Affenbergs die Fototapeten angebracht. F\u00fcr ihn fotografierte ich; die Gesch\u00e4ftsleitung des Affenbergs war von einem meiner Fotos so begeistert, dass diese Top10-Destination am Bodensee es auf ihrer Startseite zeigt.<\/p>\n<p>Fast 200 <a href=\"https:\/\/www.affenberg-salem.de\/berberaffen\/\" target=\"_blank\" rel=\"noopener\">Berberaffen<\/a> leben auf dem Salemer Affenberg in einem 20 Hektar gro\u00dfen Gel\u00e4nde fast wie in freier Wildbahn. Ber\u00fchmt ist der Affenberg au\u00dferdem f\u00fcr seine <a href=\"https:\/\/affenberg-salem.de\/stoerche\" target=\"_blank\" rel=\"noopener\">Storchenkolonie<\/a><u>,<\/u> die gr\u00f6\u00dfte frei fliegende im s\u00fcddeutschen Raum, und f\u00fcr die <a href=\"https:\/\/affenberg-salem.de\/damwild\" target=\"_blank\" rel=\"noopener\">Damwildherde<\/a>, bei deren F\u00fctterung man zuschauen kann. Wer eine sch\u00f6ne Erinnerung an diese Erlebnisse mit nach Hause nehmen m\u00f6chte, findet sie im Shop.<\/p>\n<p>[\/et_pb_text][et_pb_code _builder_version=&#8220;4.15&#8243; _module_preset=&#8220;default&#8220; global_colors_info=&#8220;{}&#8220;][justified_image_grid gallery=6110][\/et_pb_code][et_pb_text _builder_version=&#8220;4.15&#8243; _module_preset=&#8220;default&#8220; header_font=&#8220;|||on|||||&#8220; header_text_align=&#8220;left&#8220; header_font_size=&#8220;36px&#8220; header_letter_spacing=&#8220;1px&#8220; header_line_height=&#8220;2em&#8220; header_font_size_tablet=&#8220;24px&#8220; header_font_size_phone=&#8220;18px&#8220; header_font_size_last_edited=&#8220;on|phone&#8220; global_colors_info=&#8220;{}&#8220;]<\/p>\n<p>Website des Affenbergs: <a href=\"https:\/\/affenberg-salem.de\" target=\"_blank\" rel=\"noopener\">https:\/\/affenberg-salem.de<\/a><a href=\"http:\/\/see-marketing.de\/kunde-prio\/bodensee-impressionen\/\"><\/a><\/p>\n<p>[\/et_pb_text][et_pb_divider _builder_version=&#8220;4.15&#8243; _module_preset=&#8220;default&#8220; global_colors_info=&#8220;{}&#8220;][\/et_pb_divider][et_pb_text _builder_version=&#8220;4.15&#8243; _module_preset=&#8220;default&#8220; header_font=&#8220;|||on|||||&#8220; header_text_align=&#8220;left&#8220; header_font_size=&#8220;36px&#8220; header_letter_spacing=&#8220;1px&#8220; header_line_height=&#8220;2em&#8220; header_font_size_tablet=&#8220;24px&#8220; header_font_size_phone=&#8220;18px&#8220; header_font_size_last_edited=&#8220;on|phone&#8220; global_colors_info=&#8220;{}&#8220;]<\/p>\n<p><a href=\"http:\/\/see-marketing.de\/kunde-prio\/bodensee-impressionen\/\">Foto-Galerie &#8222;Bodensee-Impressionen&#8220;<\/a><\/p>\n<p>[\/et_pb_text][\/et_pb_column][\/et_pb_row][et_pb_row _builder_version=&#8220;4.15.1&#8243; _module_preset=&#8220;default&#8220; custom_padding=&#8220;100px|||||&#8220; global_colors_info=&#8220;{}&#8220;][et_pb_column type=&#8220;4_4&#8243; _builder_version=&#8220;4.15.1&#8243; _module_preset=&#8220;default&#8220; global_colors_info=&#8220;{}&#8220;][et_pb_button button_url=&#8220;http:\/\/see-marketing.de\/kunde-prio\/ueberblick-ueber-die-foto-galerien-dieser-website\/&#8220; button_text=&#8220;zur Galerien-\u00dcbersicht&#8220; button_alignment=&#8220;center&#8220; _builder_version=&#8220;4.15.1&#8243; _module_preset=&#8220;bd80ac75-c9b8-4736-af98-26b1dc258cc0&#8243; custom_button=&#8220;on&#8220; button_text_size=&#8220;14px&#8220; button_text_color=&#8220;#FFFFFF&#8220; button_bg_color=&#8220;#515845&#8243; button_border_width=&#8220;0px&#8220; button_border_radius=&#8220;0px&#8220; button_letter_spacing=&#8220;3px&#8220; button_font=&#8220;|700||on|||||&#8220; background_layout=&#8220;dark&#8220; custom_padding=&#8220;16px|32px|16px|32px|true|true&#8220; global_colors_info=&#8220;{}&#8220; button_bg_color__hover=&#8220;#000000&#8243; button_bg_color__hover_enabled=&#8220;on|desktop&#8220; button_text_color__hover=&#8220;#D6B170&#8243; button_text_color__hover_enabled=&#8220;on|desktop&#8220; button_bg_enable_color__hover=&#8220;on&#8220;][\/et_pb_button][\/et_pb_column][\/et_pb_row][\/et_pb_section]<\/p>\n","protected":false},"excerpt":{"rendered":"<p>Fotogalerie: Der Shop des Affenbergs SalemMein Kunde Maler F\u00fcrderer war stolz auf das tolle Ergebnis: Er hatte im Shop des Affenbergs die Fototapeten angebracht. F\u00fcr ihn fotografierte ich; die Gesch\u00e4ftsleitung des Affenbergs war von einem meiner Fotos so begeistert, dass diese Top10-Destination am Bodensee es auf ihrer Startseite zeigt. Fast 200 Berberaffen leben auf dem [&hellip;]<\/p>\n","protected":false},"author":7,"featured_media":0,"parent":0,"menu_order":0,"comment_status":"closed","ping_status":"closed","template":"","meta":{"_et_pb_use_builder":"on","_et_pb_old_content":"","_et_gb_content_width":"","footnotes":""},"class_list":["post-1865","page","type-page","status-publish","hentry"],"yoast_head":"<!-- This site is optimized with the Yoast SEO plugin v27.1.1 - https:\/\/yoast.com\/product\/yoast-seo-wordpress\/ -->\n<title>z_Interior Design-Fotografie: Shop des Affenbergs Salem | See-Marketing - Autoren-Coaching, Website-Erstellung, Portr\u00e4t-und Business-Fotografie, Workshops<\/title>\n<meta name=\"description\" content=\"Den Shop des Affenbergs Salem fotografierte ich im Auftrag eines der beteiligten Handwerker, Maler F\u00fcrderer. Der Affenberg selbst, eine der Top 10-Destinationen am Bodensee, zeigt eins der Fotos auf der Startseite seiner Website.\" \/>\n<meta name=\"robots\" content=\"index, follow, max-snippet:-1, max-image-preview:large, max-video-preview:-1\" \/>\n<link rel=\"canonical\" href=\"https:\/\/see-marketing.de\/kunde-prio\/interior-design-fotografie-shop-des-affenbergs-salem\/\" \/>\n<meta property=\"og:locale\" content=\"de_DE\" \/>\n<meta property=\"og:type\" content=\"article\" \/>\n<meta property=\"og:title\" content=\"z_Interior Design-Fotografie: Shop des Affenbergs Salem | See-Marketing - Autoren-Coaching, Website-Erstellung, Portr\u00e4t-und Business-Fotografie, Workshops\" \/>\n<meta property=\"og:description\" content=\"Den Shop des Affenbergs Salem fotografierte ich im Auftrag eines der beteiligten Handwerker, Maler F\u00fcrderer. Der Affenberg selbst, eine der Top 10-Destinationen am Bodensee, zeigt eins der Fotos auf der Startseite seiner Website.\" \/>\n<meta property=\"og:url\" content=\"https:\/\/see-marketing.de\/kunde-prio\/interior-design-fotografie-shop-des-affenbergs-salem\/\" \/>\n<meta property=\"og:site_name\" content=\"See-Marketing - Autoren-Coaching, Website-Erstellung, Portr\u00e4t-und Business-Fotografie, Workshops\" \/>\n<meta property=\"article:publisher\" content=\"https:\/\/www.facebook.com\/marianne.kaindl\" \/>\n<meta property=\"article:modified_time\" content=\"2022-08-01T18:07:00+00:00\" \/>\n<meta name=\"twitter:card\" content=\"summary_large_image\" \/>\n<meta name=\"twitter:label1\" content=\"Gesch\u00e4tzte Lesezeit\" \/>\n\t<meta name=\"twitter:data1\" content=\"3\u00a0Minuten\" \/>\n<script type=\"application\/ld+json\" class=\"yoast-schema-graph\">{\"@context\":\"https:\/\/schema.org\",\"@graph\":[{\"@type\":\"WebPage\",\"@id\":\"https:\/\/see-marketing.de\/kunde-prio\/interior-design-fotografie-shop-des-affenbergs-salem\/\",\"url\":\"https:\/\/see-marketing.de\/kunde-prio\/interior-design-fotografie-shop-des-affenbergs-salem\/\",\"name\":\"z_Interior Design-Fotografie: Shop des Affenbergs Salem | See-Marketing - Autoren-Coaching, Website-Erstellung, Portr\u00e4t-und Business-Fotografie, Workshops\",\"isPartOf\":{\"@id\":\"https:\/\/see-marketing.de\/kunde-prio\/#website\"},\"datePublished\":\"2022-03-22T12:05:49+00:00\",\"dateModified\":\"2022-08-01T18:07:00+00:00\",\"description\":\"Den Shop des Affenbergs Salem fotografierte ich im Auftrag eines der beteiligten Handwerker, Maler F\u00fcrderer. Der Affenberg selbst, eine der Top 10-Destinationen am Bodensee, zeigt eins der Fotos auf der Startseite seiner Website.\",\"breadcrumb\":{\"@id\":\"https:\/\/see-marketing.de\/kunde-prio\/interior-design-fotografie-shop-des-affenbergs-salem\/#breadcrumb\"},\"inLanguage\":\"de\",\"potentialAction\":[{\"@type\":\"ReadAction\",\"target\":[\"https:\/\/see-marketing.de\/kunde-prio\/interior-design-fotografie-shop-des-affenbergs-salem\/\"]}]},{\"@type\":\"BreadcrumbList\",\"@id\":\"https:\/\/see-marketing.de\/kunde-prio\/interior-design-fotografie-shop-des-affenbergs-salem\/#breadcrumb\",\"itemListElement\":[{\"@type\":\"ListItem\",\"position\":1,\"name\":\"Startseite\",\"item\":\"https:\/\/see-marketing.de\/kunde-prio\/\"},{\"@type\":\"ListItem\",\"position\":2,\"name\":\"z_Interior Design-Fotografie: Shop des Affenbergs Salem\"}]},{\"@type\":\"WebSite\",\"@id\":\"https:\/\/see-marketing.de\/kunde-prio\/#website\",\"url\":\"https:\/\/see-marketing.de\/kunde-prio\/\",\"name\":\"See-Marketing - Autoren-Coaching, Website-Erstellung, Portr\u00e4t-und Business-Fotografie, Workshops\",\"description\":\"Werbeagentur f\u00fcr Autorinnen und Autoren, Handwerk, Tourismus und Soloselbstst\u00e4ndige\",\"publisher\":{\"@id\":\"https:\/\/see-marketing.de\/kunde-prio\/#organization\"},\"potentialAction\":[{\"@type\":\"SearchAction\",\"target\":{\"@type\":\"EntryPoint\",\"urlTemplate\":\"https:\/\/see-marketing.de\/kunde-prio\/?s={search_term_string}\"},\"query-input\":{\"@type\":\"PropertyValueSpecification\",\"valueRequired\":true,\"valueName\":\"search_term_string\"}}],\"inLanguage\":\"de\"},{\"@type\":\"Organization\",\"@id\":\"https:\/\/see-marketing.de\/kunde-prio\/#organization\",\"name\":\"See-Marketing\",\"url\":\"https:\/\/see-marketing.de\/kunde-prio\/\",\"logo\":{\"@type\":\"ImageObject\",\"inLanguage\":\"de\",\"@id\":\"https:\/\/see-marketing.de\/kunde-prio\/#\/schema\/logo\/image\/\",\"url\":\"http:\/\/see-marketing.de\/kunde-prio\/wp-content\/uploads\/mk_seemarketing.png\",\"contentUrl\":\"http:\/\/see-marketing.de\/kunde-prio\/wp-content\/uploads\/mk_seemarketing.png\",\"width\":400,\"height\":100,\"caption\":\"See-Marketing\"},\"image\":{\"@id\":\"https:\/\/see-marketing.de\/kunde-prio\/#\/schema\/logo\/image\/\"},\"sameAs\":[\"https:\/\/www.facebook.com\/marianne.kaindl\"]}]}<\/script>\n<!-- \/ Yoast SEO plugin. -->","yoast_head_json":{"title":"z_Interior Design-Fotografie: Shop des Affenbergs Salem | See-Marketing - Autoren-Coaching, Website-Erstellung, Portr\u00e4t-und Business-Fotografie, Workshops","description":"Den Shop des Affenbergs Salem fotografierte ich im Auftrag eines der beteiligten Handwerker, Maler F\u00fcrderer. Der Affenberg selbst, eine der Top 10-Destinationen am Bodensee, zeigt eins der Fotos auf der Startseite seiner Website.","robots":{"index":"index","follow":"follow","max-snippet":"max-snippet:-1","max-image-preview":"max-image-preview:large","max-video-preview":"max-video-preview:-1"},"canonical":"https:\/\/see-marketing.de\/kunde-prio\/interior-design-fotografie-shop-des-affenbergs-salem\/","og_locale":"de_DE","og_type":"article","og_title":"z_Interior Design-Fotografie: Shop des Affenbergs Salem | See-Marketing - Autoren-Coaching, Website-Erstellung, Portr\u00e4t-und Business-Fotografie, Workshops","og_description":"Den Shop des Affenbergs Salem fotografierte ich im Auftrag eines der beteiligten Handwerker, Maler F\u00fcrderer. Der Affenberg selbst, eine der Top 10-Destinationen am Bodensee, zeigt eins der Fotos auf der Startseite seiner Website.","og_url":"https:\/\/see-marketing.de\/kunde-prio\/interior-design-fotografie-shop-des-affenbergs-salem\/","og_site_name":"See-Marketing - Autoren-Coaching, Website-Erstellung, Portr\u00e4t-und Business-Fotografie, Workshops","article_publisher":"https:\/\/www.facebook.com\/marianne.kaindl","article_modified_time":"2022-08-01T18:07:00+00:00","twitter_card":"summary_large_image","twitter_misc":{"Gesch\u00e4tzte Lesezeit":"3\u00a0Minuten"},"schema":{"@context":"https:\/\/schema.org","@graph":[{"@type":"WebPage","@id":"https:\/\/see-marketing.de\/kunde-prio\/interior-design-fotografie-shop-des-affenbergs-salem\/","url":"https:\/\/see-marketing.de\/kunde-prio\/interior-design-fotografie-shop-des-affenbergs-salem\/","name":"z_Interior Design-Fotografie: Shop des Affenbergs Salem | See-Marketing - Autoren-Coaching, Website-Erstellung, Portr\u00e4t-und Business-Fotografie, Workshops","isPartOf":{"@id":"https:\/\/see-marketing.de\/kunde-prio\/#website"},"datePublished":"2022-03-22T12:05:49+00:00","dateModified":"2022-08-01T18:07:00+00:00","description":"Den Shop des Affenbergs Salem fotografierte ich im Auftrag eines der beteiligten Handwerker, Maler F\u00fcrderer. Der Affenberg selbst, eine der Top 10-Destinationen am Bodensee, zeigt eins der Fotos auf der Startseite seiner Website.","breadcrumb":{"@id":"https:\/\/see-marketing.de\/kunde-prio\/interior-design-fotografie-shop-des-affenbergs-salem\/#breadcrumb"},"inLanguage":"de","potentialAction":[{"@type":"ReadAction","target":["https:\/\/see-marketing.de\/kunde-prio\/interior-design-fotografie-shop-des-affenbergs-salem\/"]}]},{"@type":"BreadcrumbList","@id":"https:\/\/see-marketing.de\/kunde-prio\/interior-design-fotografie-shop-des-affenbergs-salem\/#breadcrumb","itemListElement":[{"@type":"ListItem","position":1,"name":"Startseite","item":"https:\/\/see-marketing.de\/kunde-prio\/"},{"@type":"ListItem","position":2,"name":"z_Interior Design-Fotografie: Shop des Affenbergs Salem"}]},{"@type":"WebSite","@id":"https:\/\/see-marketing.de\/kunde-prio\/#website","url":"https:\/\/see-marketing.de\/kunde-prio\/","name":"See-Marketing - Autoren-Coaching, Website-Erstellung, Portr\u00e4t-und Business-Fotografie, Workshops","description":"Werbeagentur f\u00fcr Autorinnen und Autoren, Handwerk, Tourismus und Soloselbstst\u00e4ndige","publisher":{"@id":"https:\/\/see-marketing.de\/kunde-prio\/#organization"},"potentialAction":[{"@type":"SearchAction","target":{"@type":"EntryPoint","urlTemplate":"https:\/\/see-marketing.de\/kunde-prio\/?s={search_term_string}"},"query-input":{"@type":"PropertyValueSpecification","valueRequired":true,"valueName":"search_term_string"}}],"inLanguage":"de"},{"@type":"Organization","@id":"https:\/\/see-marketing.de\/kunde-prio\/#organization","name":"See-Marketing","url":"https:\/\/see-marketing.de\/kunde-prio\/","logo":{"@type":"ImageObject","inLanguage":"de","@id":"https:\/\/see-marketing.de\/kunde-prio\/#\/schema\/logo\/image\/","url":"http:\/\/see-marketing.de\/kunde-prio\/wp-content\/uploads\/mk_seemarketing.png","contentUrl":"http:\/\/see-marketing.de\/kunde-prio\/wp-content\/uploads\/mk_seemarketing.png","width":400,"height":100,"caption":"See-Marketing"},"image":{"@id":"https:\/\/see-marketing.de\/kunde-prio\/#\/schema\/logo\/image\/"},"sameAs":["https:\/\/www.facebook.com\/marianne.kaindl"]}]}},"_links":{"self":[{"href":"http:\/\/see-marketing.de\/kunde-prio\/wp-json\/wp\/v2\/pages\/1865","targetHints":{"allow":["GET"]}}],"collection":[{"href":"http:\/\/see-marketing.de\/kunde-prio\/wp-json\/wp\/v2\/pages"}],"about":[{"href":"http:\/\/see-marketing.de\/kunde-prio\/wp-json\/wp\/v2\/types\/page"}],"author":[{"embeddable":true,"href":"http:\/\/see-marketing.de\/kunde-prio\/wp-json\/wp\/v2\/users\/7"}],"replies":[{"embeddable":true,"href":"http:\/\/see-marketing.de\/kunde-prio\/wp-json\/wp\/v2\/comments?post=1865"}],"version-history":[{"count":0,"href":"http:\/\/see-marketing.de\/kunde-prio\/wp-json\/wp\/v2\/pages\/1865\/revisions"}],"wp:attachment":[{"href":"http:\/\/see-marketing.de\/kunde-prio\/wp-json\/wp\/v2\/media?parent=1865"}],"curies":[{"name":"wp","href":"https:\/\/api.w.org\/{rel}","templated":true}]}}